{"id":4516,"date":"2026-04-10T11:26:07","date_gmt":"2026-04-10T09:26:08","guid":{"rendered":"https:\/\/monicaroigart.com\/?post_type=product&#038;p=4516"},"modified":"2026-04-10T11:30:23","modified_gmt":"2026-04-10T09:30:23","slug":"abanico-calado-hojas-copia","status":"publish","type":"product","link":"https:\/\/monicaroigart.com\/es\/producte\/abanico-calado-hojas-copia\/","title":{"rendered":"Abanico CALADO HOJAS 1"},"content":{"rendered":"","protected":false},"excerpt":{"rendered":"<p>Abanico pintado a mano de color natural de madera\u00a0 pintada de abedul. Medida del abanico abierto 42 cm y cerrado 22 cm.<\/p>\n<p>&nbsp;<\/p>\n<p>Todos los abanicos son de madera y tela y est\u00e1n pintados a mano con tintas y acuarelas, por tanto no deben mojarse, ya que se podr\u00edan deteriorar. Cada uno de ellos es \u00fanico y personal.<\/p>\n","protected":false},"featured_media":4518,"template":"","meta":[],"product_brand":[],"product_cat":[59],"product_tag":[],"class_list":{"0":"post-4516","1":"product","2":"type-product","3":"status-publish","4":"has-post-thumbnail","6":"product_cat-abanicos","8":"first","9":"instock","10":"sold-individually","11":"taxable","12":"shipping-taxable","13":"purchasable","14":"product-type-simple"},"_links":{"self":[{"href":"https:\/\/monicaroigart.com\/es\/wp-json\/wp\/v2\/product\/4516","targetHints":{"allow":["GET"]}}],"collection":[{"href":"https:\/\/monicaroigart.com\/es\/wp-json\/wp\/v2\/product"}],"about":[{"href":"https:\/\/monicaroigart.com\/es\/wp-json\/wp\/v2\/types\/product"}],"wp:featuredmedia":[{"embeddable":true,"href":"https:\/\/monicaroigart.com\/es\/wp-json\/wp\/v2\/media\/4518"}],"wp:attachment":[{"href":"https:\/\/monicaroigart.com\/es\/wp-json\/wp\/v2\/media?parent=4516"}],"wp:term":[{"taxonomy":"product_brand","embeddable":true,"href":"https:\/\/monicaroigart.com\/es\/wp-json\/wp\/v2\/product_brand?post=4516"},{"taxonomy":"product_cat","embeddable":true,"href":"https:\/\/monicaroigart.com\/es\/wp-json\/wp\/v2\/product_cat?post=4516"},{"taxonomy":"product_tag","embeddable":true,"href":"https:\/\/monicaroigart.com\/es\/wp-json\/wp\/v2\/product_tag?post=4516"}],"curies":[{"name":"wp","href":"https:\/\/api.w.org\/{rel}","templated":true}]}}