{"id":4454,"date":"2026-03-15T12:17:07","date_gmt":"2026-03-15T10:17:07","guid":{"rendered":"https:\/\/monicaroigart.com\/?post_type=product&#038;p=4454"},"modified":"2026-03-15T12:20:53","modified_gmt":"2026-03-15T10:20:53","slug":"anillo-wakkusu-copia","status":"publish","type":"product","link":"https:\/\/monicaroigart.com\/es\/producte\/anillo-wakkusu-copia\/","title":{"rendered":"Anillo TIERRA"},"content":{"rendered":"","protected":false},"excerpt":{"rendered":"<p>&nbsp;<\/p>\n<p>Anillo de cer\u00e1mica decorado con base ajustable de acero inoxidable. Medida 2X 2,5 cm.<\/p>\n<p>&nbsp;<\/p>\n<p>Realizo todos los\u00a0<b>anillos\u00a0<\/b>de\u00a0<b>cer\u00e1mica artesanalmente,<\/b>\u00a0dependiendo del resultado que busco, uso una t\u00e9cnica u otra, las cocciones a 980C-1250C, dependiendo tambi\u00e9n de las materias utilizadas, las decoraciones est\u00e1n hechas con\u00a0<b>engobes, esmaltes\u00a0<\/b>y cristales. Las bases son ajustables y de plata. Son piezas delicadas, por lo que las disfruta mucho tiempo, cuida de ellas.<\/p>\n","protected":false},"featured_media":4456,"template":"","meta":[],"product_brand":[],"product_cat":[60],"product_tag":[],"class_list":{"0":"post-4454","1":"product","2":"type-product","3":"status-publish","4":"has-post-thumbnail","6":"product_cat-anillos","8":"first","9":"instock","10":"sold-individually","11":"taxable","12":"shipping-taxable","13":"purchasable","14":"product-type-simple"},"_links":{"self":[{"href":"https:\/\/monicaroigart.com\/es\/wp-json\/wp\/v2\/product\/4454","targetHints":{"allow":["GET"]}}],"collection":[{"href":"https:\/\/monicaroigart.com\/es\/wp-json\/wp\/v2\/product"}],"about":[{"href":"https:\/\/monicaroigart.com\/es\/wp-json\/wp\/v2\/types\/product"}],"wp:featuredmedia":[{"embeddable":true,"href":"https:\/\/monicaroigart.com\/es\/wp-json\/wp\/v2\/media\/4456"}],"wp:attachment":[{"href":"https:\/\/monicaroigart.com\/es\/wp-json\/wp\/v2\/media?parent=4454"}],"wp:term":[{"taxonomy":"product_brand","embeddable":true,"href":"https:\/\/monicaroigart.com\/es\/wp-json\/wp\/v2\/product_brand?post=4454"},{"taxonomy":"product_cat","embeddable":true,"href":"https:\/\/monicaroigart.com\/es\/wp-json\/wp\/v2\/product_cat?post=4454"},{"taxonomy":"product_tag","embeddable":true,"href":"https:\/\/monicaroigart.com\/es\/wp-json\/wp\/v2\/product_tag?post=4454"}],"curies":[{"name":"wp","href":"https:\/\/api.w.org\/{rel}","templated":true}]}}