{"id":4389,"date":"2026-02-16T15:21:20","date_gmt":"2026-02-16T13:21:21","guid":{"rendered":"https:\/\/monicaroigart.com\/?post_type=product&#038;p=4389"},"modified":"2026-02-16T15:28:03","modified_gmt":"2026-02-16T13:28:03","slug":"pendientes-sakura-blanco-copia","status":"publish","type":"product","link":"https:\/\/monicaroigart.com\/es\/producte\/pendientes-sakura-blanco-copia\/","title":{"rendered":"Pendientes DELF2"},"content":{"rendered":"","protected":false},"excerpt":{"rendered":"<p>&nbsp;<\/p>\n<p>Pendientes de cer\u00e1mica blanca decorada con aros plateados. Medida 3 cm de diametro.<\/p>\n<p>&nbsp;<\/p>\n<p class=\"Standard\">Realizo todos los pendientes de <b>cer\u00e1mica artesanalmente<\/b>, dependiendo del resultado que busco, uso una t\u00e9cnica u otra, las cocciones a 980C-1250C, dependiendo tambi\u00e9n de las materias utilizadas, las decoraciones est\u00e1n hechas con <b>engobes, esmaltes<\/b> y cristales. Los aros pueden ser de plata para no producir ninguna alergia. Son piezas delicadas, por lo que las disfruta mucho tiempo, cuida de ellas.<\/p>\n","protected":false},"featured_media":4391,"template":"","meta":[],"product_brand":[],"product_cat":[61],"product_tag":[],"class_list":{"0":"post-4389","1":"product","2":"type-product","3":"status-publish","4":"has-post-thumbnail","6":"product_cat-pendientes","8":"first","9":"instock","10":"sold-individually","11":"taxable","12":"shipping-taxable","13":"purchasable","14":"product-type-simple"},"_links":{"self":[{"href":"https:\/\/monicaroigart.com\/es\/wp-json\/wp\/v2\/product\/4389","targetHints":{"allow":["GET"]}}],"collection":[{"href":"https:\/\/monicaroigart.com\/es\/wp-json\/wp\/v2\/product"}],"about":[{"href":"https:\/\/monicaroigart.com\/es\/wp-json\/wp\/v2\/types\/product"}],"wp:featuredmedia":[{"embeddable":true,"href":"https:\/\/monicaroigart.com\/es\/wp-json\/wp\/v2\/media\/4391"}],"wp:attachment":[{"href":"https:\/\/monicaroigart.com\/es\/wp-json\/wp\/v2\/media?parent=4389"}],"wp:term":[{"taxonomy":"product_brand","embeddable":true,"href":"https:\/\/monicaroigart.com\/es\/wp-json\/wp\/v2\/product_brand?post=4389"},{"taxonomy":"product_cat","embeddable":true,"href":"https:\/\/monicaroigart.com\/es\/wp-json\/wp\/v2\/product_cat?post=4389"},{"taxonomy":"product_tag","embeddable":true,"href":"https:\/\/monicaroigart.com\/es\/wp-json\/wp\/v2\/product_tag?post=4389"}],"curies":[{"name":"wp","href":"https:\/\/api.w.org\/{rel}","templated":true}]}}