{"id":4252,"date":"2025-10-20T16:37:43","date_gmt":"2025-10-20T14:37:43","guid":{"rendered":"https:\/\/monicaroigart.com\/?post_type=product&#038;p=4252"},"modified":"2025-10-20T16:42:57","modified_gmt":"2025-10-20T14:42:57","slug":"colgante-enzo-copia","status":"publish","type":"product","link":"https:\/\/monicaroigart.com\/es\/producte\/colgante-enzo-copia\/","title":{"rendered":"Colgante ENZO1"},"content":{"rendered":"","protected":false},"excerpt":{"rendered":"<p>&nbsp;<\/p>\n<p>Colgante largo\u00a0 de ceramica de alta temperatura decorada con\u00a0 esmaltes con efectos y tira de cuero ajustable. Medida 5 cm de diametro.<\/p>\n<p>&nbsp;<\/p>\n<p class=\"Standard\">Todos los collares y colgantes de <b>cer\u00e1mica <\/b>est\u00e1n hechos<b> artesanalmente,<\/b> dependiendo del resultado que busco, uso una t\u00e9cnica u otra, las cocciones a 980C -1250C, dependiendo tambi\u00e9n de las materias utilizadas, las decoraciones est\u00e1n hechas con <b>engobes, esmaltes <\/b>y cristales. <b><\/b>Est\u00e1n montados en cordoncitos de cuero o metal y todas las piezas son \u00fanicas. <b><\/b>Un buen complemento para tu vestuario.<b><\/b><\/p>\n","protected":false},"featured_media":4254,"template":"","meta":[],"product_brand":[],"product_cat":[62],"product_tag":[],"class_list":{"0":"post-4252","1":"product","2":"type-product","3":"status-publish","4":"has-post-thumbnail","6":"product_cat-collares-y-colgantes","8":"first","9":"outofstock","10":"taxable","11":"shipping-taxable","12":"purchasable","13":"product-type-simple"},"_links":{"self":[{"href":"https:\/\/monicaroigart.com\/es\/wp-json\/wp\/v2\/product\/4252","targetHints":{"allow":["GET"]}}],"collection":[{"href":"https:\/\/monicaroigart.com\/es\/wp-json\/wp\/v2\/product"}],"about":[{"href":"https:\/\/monicaroigart.com\/es\/wp-json\/wp\/v2\/types\/product"}],"wp:featuredmedia":[{"embeddable":true,"href":"https:\/\/monicaroigart.com\/es\/wp-json\/wp\/v2\/media\/4254"}],"wp:attachment":[{"href":"https:\/\/monicaroigart.com\/es\/wp-json\/wp\/v2\/media?parent=4252"}],"wp:term":[{"taxonomy":"product_brand","embeddable":true,"href":"https:\/\/monicaroigart.com\/es\/wp-json\/wp\/v2\/product_brand?post=4252"},{"taxonomy":"product_cat","embeddable":true,"href":"https:\/\/monicaroigart.com\/es\/wp-json\/wp\/v2\/product_cat?post=4252"},{"taxonomy":"product_tag","embeddable":true,"href":"https:\/\/monicaroigart.com\/es\/wp-json\/wp\/v2\/product_tag?post=4252"}],"curies":[{"name":"wp","href":"https:\/\/api.w.org\/{rel}","templated":true}]}}