{"id":4197,"date":"2025-08-01T10:02:10","date_gmt":"2025-08-01T08:02:10","guid":{"rendered":"https:\/\/monicaroigart.com\/?post_type=product&#038;p=4197"},"modified":"2025-08-01T10:05:41","modified_gmt":"2025-08-01T08:05:41","slug":"abanico-rosas-oro-copia-4","status":"publish","type":"product","link":"https:\/\/monicaroigart.com\/es\/producte\/abanico-rosas-oro-copia-4\/","title":{"rendered":"Abanico ROSAS PLATA"},"content":{"rendered":"","protected":false},"excerpt":{"rendered":"<p>&nbsp;<\/p>\n<p>Abanico mediano de color negro pintado a mano con varillas de madera de peral pulido. Medida del abanico abierto 37cm y cerrado 21 cm.<\/p>\n<p>&nbsp;<\/p>\n<p class=\"Standard\">Todos los abanicos son de madera y tela y est\u00e1n pintados a mano con tintas y acuarelas, por lo tanto no deben mojarse, ya que se podr\u00edan deteriorar. Cada uno de ellos son \u00fanicos y personales.<\/p>\n<p>&nbsp;<\/p>\n","protected":false},"featured_media":4199,"template":"","meta":[],"product_brand":[],"product_cat":[59],"product_tag":[],"class_list":{"0":"post-4197","1":"product","2":"type-product","3":"status-publish","4":"has-post-thumbnail","6":"product_cat-abanicos","8":"first","9":"instock","10":"sold-individually","11":"taxable","12":"shipping-taxable","13":"purchasable","14":"product-type-simple"},"_links":{"self":[{"href":"https:\/\/monicaroigart.com\/es\/wp-json\/wp\/v2\/product\/4197","targetHints":{"allow":["GET"]}}],"collection":[{"href":"https:\/\/monicaroigart.com\/es\/wp-json\/wp\/v2\/product"}],"about":[{"href":"https:\/\/monicaroigart.com\/es\/wp-json\/wp\/v2\/types\/product"}],"wp:featuredmedia":[{"embeddable":true,"href":"https:\/\/monicaroigart.com\/es\/wp-json\/wp\/v2\/media\/4199"}],"wp:attachment":[{"href":"https:\/\/monicaroigart.com\/es\/wp-json\/wp\/v2\/media?parent=4197"}],"wp:term":[{"taxonomy":"product_brand","embeddable":true,"href":"https:\/\/monicaroigart.com\/es\/wp-json\/wp\/v2\/product_brand?post=4197"},{"taxonomy":"product_cat","embeddable":true,"href":"https:\/\/monicaroigart.com\/es\/wp-json\/wp\/v2\/product_cat?post=4197"},{"taxonomy":"product_tag","embeddable":true,"href":"https:\/\/monicaroigart.com\/es\/wp-json\/wp\/v2\/product_tag?post=4197"}],"curies":[{"name":"wp","href":"https:\/\/api.w.org\/{rel}","templated":true}]}}