{"id":4098,"date":"2025-06-27T18:46:50","date_gmt":"2025-06-27T16:46:50","guid":{"rendered":"https:\/\/monicaroigart.com\/?post_type=product&#038;p=4098"},"modified":"2025-06-27T18:51:05","modified_gmt":"2025-06-27T16:51:05","slug":"colgante-sakura-blanco-copia","status":"publish","type":"product","link":"https:\/\/monicaroigart.com\/es\/producte\/colgante-sakura-blanco-copia\/","title":{"rendered":"Colgante SAKURA NEGRO"},"content":{"rendered":"","protected":false},"excerpt":{"rendered":"<p>&nbsp;<\/p>\n<p>Colgante largo de cer\u00e1mica decorada con cordoncillo de cuero ajustable y bolitas plateadas. Medida 4,5cm de di\u00e1metro. Anillo y pendientes a juego.<\/p>\n<p>&nbsp;<\/p>\n<p class=\"Standard\">Todos los collares y colgantes de <b>cer\u00e1mica <\/b>est\u00e1n hechos<b> artesanalmente,<\/b> dependiendo del resultado que busco, uso una t\u00e9cnica u otra, las cocciones a 980C -1250C, dependiendo tambi\u00e9n de las materias utilizadas, las decoraciones est\u00e1n hechas con <b>engobes, esmaltes <\/b>y cristales. <b><\/b>Est\u00e1n montados en cordoncitos de cuero o metal y todas las piezas son \u00fanicas. <b><\/b>Un buen complemento para tu vestuario.<b><\/b><\/p>\n","protected":false},"featured_media":4100,"template":"","meta":[],"product_brand":[],"product_cat":[62],"product_tag":[],"class_list":{"0":"post-4098","1":"product","2":"type-product","3":"status-publish","4":"has-post-thumbnail","6":"product_cat-collares-y-colgantes","8":"first","9":"outofstock","10":"taxable","11":"shipping-taxable","12":"purchasable","13":"product-type-simple"},"_links":{"self":[{"href":"https:\/\/monicaroigart.com\/es\/wp-json\/wp\/v2\/product\/4098","targetHints":{"allow":["GET"]}}],"collection":[{"href":"https:\/\/monicaroigart.com\/es\/wp-json\/wp\/v2\/product"}],"about":[{"href":"https:\/\/monicaroigart.com\/es\/wp-json\/wp\/v2\/types\/product"}],"wp:featuredmedia":[{"embeddable":true,"href":"https:\/\/monicaroigart.com\/es\/wp-json\/wp\/v2\/media\/4100"}],"wp:attachment":[{"href":"https:\/\/monicaroigart.com\/es\/wp-json\/wp\/v2\/media?parent=4098"}],"wp:term":[{"taxonomy":"product_brand","embeddable":true,"href":"https:\/\/monicaroigart.com\/es\/wp-json\/wp\/v2\/product_brand?post=4098"},{"taxonomy":"product_cat","embeddable":true,"href":"https:\/\/monicaroigart.com\/es\/wp-json\/wp\/v2\/product_cat?post=4098"},{"taxonomy":"product_tag","embeddable":true,"href":"https:\/\/monicaroigart.com\/es\/wp-json\/wp\/v2\/product_tag?post=4098"}],"curies":[{"name":"wp","href":"https:\/\/api.w.org\/{rel}","templated":true}]}}