{"id":4036,"date":"2025-06-07T12:04:02","date_gmt":"2025-06-07T10:04:02","guid":{"rendered":"https:\/\/monicaroigart.com\/?post_type=product&#038;p=4036"},"modified":"2025-06-07T12:07:48","modified_gmt":"2025-06-07T10:07:48","slug":"abanico-azul-rosas-copia","status":"publish","type":"product","link":"https:\/\/monicaroigart.com\/es\/producte\/abanico-azul-rosas-copia\/","title":{"rendered":"Abanico VIENA"},"content":{"rendered":"","protected":false},"excerpt":{"rendered":"<p>&nbsp;<\/p>\n<p>Abanico de color blanco,\u00a0 pintado a mano y madera mate de peral. Medida del abanico abierto 43 cm y cerrado 23 cm.<\/p>\n<p>&nbsp;<\/p>\n<p class=\"Standard\">Todos los abanicos son de madera y tela y est\u00e1n pintados a mano con tintas y acuarelas, por lo tanto no deben mojarse, ya que se podr\u00edan deteriorar. Cada uno de ellos son \u00fanicos y personales.<\/p>\n<p>&nbsp;<\/p>\n","protected":false},"featured_media":4030,"template":"","meta":[],"product_brand":[],"product_cat":[59],"product_tag":[],"class_list":{"0":"post-4036","1":"product","2":"type-product","3":"status-publish","4":"has-post-thumbnail","6":"product_cat-abanicos","8":"first","9":"outofstock","10":"sold-individually","11":"taxable","12":"shipping-taxable","13":"purchasable","14":"product-type-simple"},"_links":{"self":[{"href":"https:\/\/monicaroigart.com\/es\/wp-json\/wp\/v2\/product\/4036","targetHints":{"allow":["GET"]}}],"collection":[{"href":"https:\/\/monicaroigart.com\/es\/wp-json\/wp\/v2\/product"}],"about":[{"href":"https:\/\/monicaroigart.com\/es\/wp-json\/wp\/v2\/types\/product"}],"wp:featuredmedia":[{"embeddable":true,"href":"https:\/\/monicaroigart.com\/es\/wp-json\/wp\/v2\/media\/4030"}],"wp:attachment":[{"href":"https:\/\/monicaroigart.com\/es\/wp-json\/wp\/v2\/media?parent=4036"}],"wp:term":[{"taxonomy":"product_brand","embeddable":true,"href":"https:\/\/monicaroigart.com\/es\/wp-json\/wp\/v2\/product_brand?post=4036"},{"taxonomy":"product_cat","embeddable":true,"href":"https:\/\/monicaroigart.com\/es\/wp-json\/wp\/v2\/product_cat?post=4036"},{"taxonomy":"product_tag","embeddable":true,"href":"https:\/\/monicaroigart.com\/es\/wp-json\/wp\/v2\/product_tag?post=4036"}],"curies":[{"name":"wp","href":"https:\/\/api.w.org\/{rel}","templated":true}]}}