{"id":3970,"date":"2025-05-16T10:24:26","date_gmt":"2025-05-16T08:24:25","guid":{"rendered":"https:\/\/monicaroigart.com\/?post_type=product&#038;p=3970"},"modified":"2025-05-16T10:26:16","modified_gmt":"2025-05-16T08:26:16","slug":"abanico-koi-azul-marino","status":"publish","type":"product","link":"https:\/\/monicaroigart.com\/es\/producte\/abanico-koi-azul-marino\/","title":{"rendered":"Abanico KOI AZUL MARINO"},"content":{"rendered":"","protected":false},"excerpt":{"rendered":"<p>Abanico pintado a mano de color azul marino y madera de peral. Medida del abanico abierto 42 cm y cerrado 22 cm.<\/p>\n<p>&nbsp;<\/p>\n<p>Todos los abanicos son de madera y tela y est\u00e1n pintados a mano con tintas y acuarelas, por tanto no deben mojarse, ya que se podr\u00edan deteriorar. Cada uno de ellos es \u00fanico y personal.<\/p>\n","protected":false},"featured_media":3972,"template":"","meta":[],"product_brand":[],"product_cat":[59],"product_tag":[],"class_list":{"0":"post-3970","1":"product","2":"type-product","3":"status-publish","4":"has-post-thumbnail","6":"product_cat-abanicos","8":"first","9":"outofstock","10":"sold-individually","11":"taxable","12":"shipping-taxable","13":"purchasable","14":"product-type-simple"},"_links":{"self":[{"href":"https:\/\/monicaroigart.com\/es\/wp-json\/wp\/v2\/product\/3970","targetHints":{"allow":["GET"]}}],"collection":[{"href":"https:\/\/monicaroigart.com\/es\/wp-json\/wp\/v2\/product"}],"about":[{"href":"https:\/\/monicaroigart.com\/es\/wp-json\/wp\/v2\/types\/product"}],"wp:featuredmedia":[{"embeddable":true,"href":"https:\/\/monicaroigart.com\/es\/wp-json\/wp\/v2\/media\/3972"}],"wp:attachment":[{"href":"https:\/\/monicaroigart.com\/es\/wp-json\/wp\/v2\/media?parent=3970"}],"wp:term":[{"taxonomy":"product_brand","embeddable":true,"href":"https:\/\/monicaroigart.com\/es\/wp-json\/wp\/v2\/product_brand?post=3970"},{"taxonomy":"product_cat","embeddable":true,"href":"https:\/\/monicaroigart.com\/es\/wp-json\/wp\/v2\/product_cat?post=3970"},{"taxonomy":"product_tag","embeddable":true,"href":"https:\/\/monicaroigart.com\/es\/wp-json\/wp\/v2\/product_tag?post=3970"}],"curies":[{"name":"wp","href":"https:\/\/api.w.org\/{rel}","templated":true}]}}