{"id":3820,"date":"2025-02-21T19:27:10","date_gmt":"2025-02-21T17:32:01","guid":{"rendered":"https:\/\/monicaroigart.com\/?post_type=product&#038;p=3820"},"modified":"2025-02-21T19:33:11","modified_gmt":"2025-02-21T17:33:11","slug":"abanico-ginkgo-naranja","status":"publish","type":"product","link":"https:\/\/monicaroigart.com\/es\/producte\/abanico-ginkgo-naranja\/","title":{"rendered":"Abanico GINKGO NARANJA"},"content":{"rendered":"","protected":false},"excerpt":{"rendered":"<p>Abanico pintado a mano de color negro\u00a0 y madera de arce. Medida del abanico abierto 42 cm y cerrado 22 cm.<\/p>\n<p>&nbsp;<\/p>\n<p>Todos los abanicos son de madera y tela y est\u00e1n pintados a mano con tintas y acuarelas, por tanto no deben mojarse, ya que se podr\u00edan deteriorar. Cada uno de ellos es \u00fanico y personal.<\/p>\n","protected":false},"featured_media":3817,"template":"","meta":[],"product_brand":[],"product_cat":[59],"product_tag":[],"class_list":{"0":"post-3820","1":"product","2":"type-product","3":"status-publish","4":"has-post-thumbnail","6":"product_cat-abanicos","8":"first","9":"outofstock","10":"sold-individually","11":"taxable","12":"shipping-taxable","13":"purchasable","14":"product-type-simple"},"_links":{"self":[{"href":"https:\/\/monicaroigart.com\/es\/wp-json\/wp\/v2\/product\/3820","targetHints":{"allow":["GET"]}}],"collection":[{"href":"https:\/\/monicaroigart.com\/es\/wp-json\/wp\/v2\/product"}],"about":[{"href":"https:\/\/monicaroigart.com\/es\/wp-json\/wp\/v2\/types\/product"}],"wp:featuredmedia":[{"embeddable":true,"href":"https:\/\/monicaroigart.com\/es\/wp-json\/wp\/v2\/media\/3817"}],"wp:attachment":[{"href":"https:\/\/monicaroigart.com\/es\/wp-json\/wp\/v2\/media?parent=3820"}],"wp:term":[{"taxonomy":"product_brand","embeddable":true,"href":"https:\/\/monicaroigart.com\/es\/wp-json\/wp\/v2\/product_brand?post=3820"},{"taxonomy":"product_cat","embeddable":true,"href":"https:\/\/monicaroigart.com\/es\/wp-json\/wp\/v2\/product_cat?post=3820"},{"taxonomy":"product_tag","embeddable":true,"href":"https:\/\/monicaroigart.com\/es\/wp-json\/wp\/v2\/product_tag?post=3820"}],"curies":[{"name":"wp","href":"https:\/\/api.w.org\/{rel}","templated":true}]}}