{"id":3529,"date":"2024-10-15T17:24:13","date_gmt":"2024-10-15T15:24:13","guid":{"rendered":"https:\/\/monicaroigart.com\/?post_type=product&#038;p=3529"},"modified":"2024-10-28T13:52:17","modified_gmt":"2024-10-28T11:52:17","slug":"anillo-olive-2","status":"publish","type":"product","link":"https:\/\/monicaroigart.com\/es\/producte\/anillo-olive-2\/","title":{"rendered":"Anillo OLIVE"},"content":{"rendered":"","protected":false},"excerpt":{"rendered":"<p>&nbsp;<\/p>\n<p>Anillo oval de cer\u00e1mica blanca decorado con esmalte, 2,5x2cm de di\u00e1metro, base ajustable de plata. Pendientes de la misma colecci\u00f3n.<\/p>\n<p>&nbsp;<\/p>\n<p>Realizo todos los\u00a0<b>anillos\u00a0<\/b>de\u00a0<b>cer\u00e1mica artesanalmente,<\/b>\u00a0dependiendo del resultado que busco, uso una t\u00e9cnica u otra, las cocciones a 980C-1250C, dependiendo tambi\u00e9n de las materias utilizadas, las decoraciones est\u00e1n hechas con\u00a0<b>engobes, esmaltes\u00a0<\/b>y cristales. Las bases son ajustables y de plata. Son piezas delicadas, por lo que las disfruta mucho tiempo, cuida de ellas.<\/p>\n","protected":false},"featured_media":3523,"template":"","meta":[],"product_brand":[],"product_cat":[60],"product_tag":[],"class_list":{"0":"post-3529","1":"product","2":"type-product","3":"status-publish","4":"has-post-thumbnail","6":"product_cat-anillos","8":"first","9":"instock","10":"sold-individually","11":"taxable","12":"shipping-taxable","13":"purchasable","14":"product-type-simple"},"_links":{"self":[{"href":"https:\/\/monicaroigart.com\/es\/wp-json\/wp\/v2\/product\/3529","targetHints":{"allow":["GET"]}}],"collection":[{"href":"https:\/\/monicaroigart.com\/es\/wp-json\/wp\/v2\/product"}],"about":[{"href":"https:\/\/monicaroigart.com\/es\/wp-json\/wp\/v2\/types\/product"}],"wp:featuredmedia":[{"embeddable":true,"href":"https:\/\/monicaroigart.com\/es\/wp-json\/wp\/v2\/media\/3523"}],"wp:attachment":[{"href":"https:\/\/monicaroigart.com\/es\/wp-json\/wp\/v2\/media?parent=3529"}],"wp:term":[{"taxonomy":"product_brand","embeddable":true,"href":"https:\/\/monicaroigart.com\/es\/wp-json\/wp\/v2\/product_brand?post=3529"},{"taxonomy":"product_cat","embeddable":true,"href":"https:\/\/monicaroigart.com\/es\/wp-json\/wp\/v2\/product_cat?post=3529"},{"taxonomy":"product_tag","embeddable":true,"href":"https:\/\/monicaroigart.com\/es\/wp-json\/wp\/v2\/product_tag?post=3529"}],"curies":[{"name":"wp","href":"https:\/\/api.w.org\/{rel}","templated":true}]}}