{"id":3316,"date":"2024-08-27T09:56:32","date_gmt":"2024-08-27T07:56:32","guid":{"rendered":"https:\/\/monicaroigart.com\/?post_type=product&#038;p=3316"},"modified":"2024-08-27T09:56:32","modified_gmt":"2024-08-27T07:56:32","slug":"rosa-1","status":"publish","type":"product","link":"https:\/\/monicaroigart.com\/es\/producte\/rosa-1\/","title":{"rendered":"Rosa 1"},"content":{"rendered":"","protected":false},"excerpt":{"rendered":"<p>&nbsp;<\/p>\n<p>Sume-e original.<\/p>\n<p>Tama\u00f1o interior 8X12, tama\u00f1o con paspart\u00fa negro 13X19.<\/p>\n<p>El t\u00e9rmino\u00a0<strong><em>sumi-e<\/em><\/strong>, es una\u00a0<strong>t\u00e9cnica\u00a0pict\u00f3rica\u00a0asi\u00e1tica\u00a0milenaria<\/strong>\u00a0que significa, pintura a tinta. Hace muchos a\u00f1os que la practico, es una t\u00e9cnica que me apasiona y que no dejo de practicar y aprender, ya que, cada maestro tiene su t\u00e9cnica particular. Todas las m\u00edas\u00a0<strong>son originales y \u00fanicas<\/strong>. Si desea alg\u00fan tama\u00f1o concreto que no tengo en este momento, me lo puede consultar, aunque nunca quedar\u00e1 igual, ya que el proceso de elaboraci\u00f3n es \u00fanico.<\/p>\n<p>&nbsp;<\/p>\n","protected":false},"featured_media":1882,"template":"","meta":[],"product_brand":[],"product_cat":[65],"product_tag":[],"class_list":{"0":"post-3316","1":"product","2":"type-product","3":"status-publish","4":"has-post-thumbnail","6":"product_cat-sumi-e-es","8":"first","9":"outofstock","10":"sold-individually","11":"taxable","12":"shipping-taxable","13":"purchasable","14":"product-type-simple"},"_links":{"self":[{"href":"https:\/\/monicaroigart.com\/es\/wp-json\/wp\/v2\/product\/3316","targetHints":{"allow":["GET"]}}],"collection":[{"href":"https:\/\/monicaroigart.com\/es\/wp-json\/wp\/v2\/product"}],"about":[{"href":"https:\/\/monicaroigart.com\/es\/wp-json\/wp\/v2\/types\/product"}],"wp:featuredmedia":[{"embeddable":true,"href":"https:\/\/monicaroigart.com\/es\/wp-json\/wp\/v2\/media\/1882"}],"wp:attachment":[{"href":"https:\/\/monicaroigart.com\/es\/wp-json\/wp\/v2\/media?parent=3316"}],"wp:term":[{"taxonomy":"product_brand","embeddable":true,"href":"https:\/\/monicaroigart.com\/es\/wp-json\/wp\/v2\/product_brand?post=3316"},{"taxonomy":"product_cat","embeddable":true,"href":"https:\/\/monicaroigart.com\/es\/wp-json\/wp\/v2\/product_cat?post=3316"},{"taxonomy":"product_tag","embeddable":true,"href":"https:\/\/monicaroigart.com\/es\/wp-json\/wp\/v2\/product_tag?post=3316"}],"curies":[{"name":"wp","href":"https:\/\/api.w.org\/{rel}","templated":true}]}}