{"id":3312,"date":"2023-04-16T11:43:25","date_gmt":"2024-08-27T07:53:29","guid":{"rendered":"https:\/\/monicaroigart.com\/?post_type=product&#038;p=3312"},"modified":"2024-09-11T13:01:05","modified_gmt":"2024-09-11T11:01:05","slug":"abanico-rosas-oro","status":"publish","type":"product","link":"https:\/\/monicaroigart.com\/es\/producte\/abanico-rosas-oro\/","title":{"rendered":"Abanico ROSAS ORO"},"content":{"rendered":"","protected":false},"excerpt":{"rendered":"<p>&nbsp;<\/p>\n<p>Abanico pintado a mano y madera de peral mate. Medida del abanico abierto 43 cm y cerrado 23 cm.<\/p>\n<p>&nbsp;<\/p>\n<p class=\"Standard\">Todos los abanicos son de madera y tela y est\u00e1n pintados a mano con tintas y acuarelas, por lo tanto no deben mojarse, ya que se podr\u00edan deteriorar. Cada uno de ellos son \u00fanicos y personales.<\/p>\n<p>&nbsp;<\/p>\n","protected":false},"featured_media":1994,"template":"","meta":[],"product_brand":[],"product_cat":[59],"product_tag":[],"class_list":{"0":"post-3312","1":"product","2":"type-product","3":"status-publish","4":"has-post-thumbnail","6":"product_cat-abanicos","8":"first","9":"outofstock","10":"sold-individually","11":"taxable","12":"shipping-taxable","13":"purchasable","14":"product-type-simple"},"_links":{"self":[{"href":"https:\/\/monicaroigart.com\/es\/wp-json\/wp\/v2\/product\/3312","targetHints":{"allow":["GET"]}}],"collection":[{"href":"https:\/\/monicaroigart.com\/es\/wp-json\/wp\/v2\/product"}],"about":[{"href":"https:\/\/monicaroigart.com\/es\/wp-json\/wp\/v2\/types\/product"}],"wp:featuredmedia":[{"embeddable":true,"href":"https:\/\/monicaroigart.com\/es\/wp-json\/wp\/v2\/media\/1994"}],"wp:attachment":[{"href":"https:\/\/monicaroigart.com\/es\/wp-json\/wp\/v2\/media?parent=3312"}],"wp:term":[{"taxonomy":"product_brand","embeddable":true,"href":"https:\/\/monicaroigart.com\/es\/wp-json\/wp\/v2\/product_brand?post=3312"},{"taxonomy":"product_cat","embeddable":true,"href":"https:\/\/monicaroigart.com\/es\/wp-json\/wp\/v2\/product_cat?post=3312"},{"taxonomy":"product_tag","embeddable":true,"href":"https:\/\/monicaroigart.com\/es\/wp-json\/wp\/v2\/product_tag?post=3312"}],"curies":[{"name":"wp","href":"https:\/\/api.w.org\/{rel}","templated":true}]}}