{"id":3299,"date":"2024-08-27T09:29:30","date_gmt":"2024-08-27T07:29:30","guid":{"rendered":"https:\/\/monicaroigart.com\/?post_type=product&#038;p=3299"},"modified":"2024-09-15T08:45:51","modified_gmt":"2024-09-15T06:45:51","slug":"abanico-midori","status":"publish","type":"product","link":"https:\/\/monicaroigart.com\/es\/producte\/abanico-midori\/","title":{"rendered":"Abanico MIDORI"},"content":{"rendered":"","protected":false},"excerpt":{"rendered":"<p>&nbsp;<\/p>\n<p>Abanico de color verde oscuro pintado a mano y madera de peral. Medida del abanico abierto 43 cm y cerrado 23 cm.<\/p>\n<p>&nbsp;<\/p>\n<p class=\"Standard\">Todos los abanicos son de madera y tela y est\u00e1n pintados a mano con tintas y acuarelas, por lo tanto no deben mojarse, ya que se podr\u00edan deteriorar. Cada uno de ellos son \u00fanicos y personales.<\/p>\n<p>&nbsp;<\/p>\n","protected":false},"featured_media":3357,"template":"","meta":[],"product_brand":[],"product_cat":[59],"product_tag":[],"class_list":{"0":"post-3299","1":"product","2":"type-product","3":"status-publish","4":"has-post-thumbnail","6":"product_cat-abanicos","8":"first","9":"outofstock","10":"sold-individually","11":"taxable","12":"shipping-taxable","13":"purchasable","14":"product-type-simple"},"_links":{"self":[{"href":"https:\/\/monicaroigart.com\/es\/wp-json\/wp\/v2\/product\/3299","targetHints":{"allow":["GET"]}}],"collection":[{"href":"https:\/\/monicaroigart.com\/es\/wp-json\/wp\/v2\/product"}],"about":[{"href":"https:\/\/monicaroigart.com\/es\/wp-json\/wp\/v2\/types\/product"}],"wp:featuredmedia":[{"embeddable":true,"href":"https:\/\/monicaroigart.com\/es\/wp-json\/wp\/v2\/media\/3357"}],"wp:attachment":[{"href":"https:\/\/monicaroigart.com\/es\/wp-json\/wp\/v2\/media?parent=3299"}],"wp:term":[{"taxonomy":"product_brand","embeddable":true,"href":"https:\/\/monicaroigart.com\/es\/wp-json\/wp\/v2\/product_brand?post=3299"},{"taxonomy":"product_cat","embeddable":true,"href":"https:\/\/monicaroigart.com\/es\/wp-json\/wp\/v2\/product_cat?post=3299"},{"taxonomy":"product_tag","embeddable":true,"href":"https:\/\/monicaroigart.com\/es\/wp-json\/wp\/v2\/product_tag?post=3299"}],"curies":[{"name":"wp","href":"https:\/\/api.w.org\/{rel}","templated":true}]}}