{"id":3287,"date":"2023-03-02T20:21:17","date_gmt":"2024-08-27T06:56:44","guid":{"rendered":"https:\/\/monicaroigart.com\/?post_type=product&#038;p=3287"},"modified":"2024-09-23T11:45:27","modified_gmt":"2024-09-23T09:45:27","slug":"orquidea-violeta","status":"publish","type":"product","link":"https:\/\/monicaroigart.com\/es\/producte\/orquidea-violeta\/","title":{"rendered":"Orqu\u00eddea violeta"},"content":{"rendered":"","protected":false},"excerpt":{"rendered":"<p>&nbsp;<\/p>\n<p>Sume-e original.<\/p>\n<p>Medida interior 12&#215;17, tama\u00f1o con paspart\u00fa crema 24&#215;30.<\/p>\n<p>El t\u00e9rmino\u00a0<strong><em>sumi-e<\/em><\/strong>, es una\u00a0<strong>t\u00e9cnica\u00a0pict\u00f3rica\u00a0asi\u00e1tica\u00a0milenaria<\/strong>\u00a0que significa, pintura a tinta. Hace muchos a\u00f1os que la practico, es una t\u00e9cnica que me apasiona y que no dejo de practicar y aprender, ya que, cada maestro tiene su t\u00e9cnica particular. Todas las m\u00edas\u00a0<strong>son originales y \u00fanicas<\/strong>. Si desea alg\u00fan tama\u00f1o concreto que no tengo en este momento, me lo puede consultar, aunque nunca quedar\u00e1 igual, ya que el proceso de elaboraci\u00f3n es \u00fanico.<\/p>\n<p>&nbsp;<\/p>\n","protected":false},"featured_media":1910,"template":"","meta":[],"product_brand":[],"product_cat":[65],"product_tag":[],"class_list":{"0":"post-3287","1":"product","2":"type-product","3":"status-publish","4":"has-post-thumbnail","6":"product_cat-sumi-e-es","8":"first","9":"outofstock","10":"taxable","11":"shipping-taxable","12":"purchasable","13":"product-type-simple"},"_links":{"self":[{"href":"https:\/\/monicaroigart.com\/es\/wp-json\/wp\/v2\/product\/3287","targetHints":{"allow":["GET"]}}],"collection":[{"href":"https:\/\/monicaroigart.com\/es\/wp-json\/wp\/v2\/product"}],"about":[{"href":"https:\/\/monicaroigart.com\/es\/wp-json\/wp\/v2\/types\/product"}],"wp:featuredmedia":[{"embeddable":true,"href":"https:\/\/monicaroigart.com\/es\/wp-json\/wp\/v2\/media\/1910"}],"wp:attachment":[{"href":"https:\/\/monicaroigart.com\/es\/wp-json\/wp\/v2\/media?parent=3287"}],"wp:term":[{"taxonomy":"product_brand","embeddable":true,"href":"https:\/\/monicaroigart.com\/es\/wp-json\/wp\/v2\/product_brand?post=3287"},{"taxonomy":"product_cat","embeddable":true,"href":"https:\/\/monicaroigart.com\/es\/wp-json\/wp\/v2\/product_cat?post=3287"},{"taxonomy":"product_tag","embeddable":true,"href":"https:\/\/monicaroigart.com\/es\/wp-json\/wp\/v2\/product_tag?post=3287"}],"curies":[{"name":"wp","href":"https:\/\/api.w.org\/{rel}","templated":true}]}}