{"id":3283,"date":"2024-08-27T08:53:59","date_gmt":"2024-08-27T06:53:59","guid":{"rendered":"https:\/\/monicaroigart.com\/?post_type=product&#038;p=3283"},"modified":"2024-09-23T11:26:31","modified_gmt":"2024-09-23T09:26:31","slug":"bambu-kabin1","status":"publish","type":"product","link":"https:\/\/monicaroigart.com\/es\/producte\/bambu-kabin1\/","title":{"rendered":"Bamb\u00fa KABIN1"},"content":{"rendered":"","protected":false},"excerpt":{"rendered":"<p>&nbsp;<\/p>\n<p>Obra original de collage, acuarela y gouache.<\/p>\n<p>Tama\u00f1o interior 8X12, tama\u00f1o con paspart\u00fa color negro 13X19.<\/p>\n<p>&nbsp;<\/p>\n","protected":false},"featured_media":2562,"template":"","meta":[],"product_brand":[],"product_cat":[65],"product_tag":[],"class_list":{"0":"post-3283","1":"product","2":"type-product","3":"status-publish","4":"has-post-thumbnail","6":"product_cat-sumi-e-es","8":"first","9":"instock","10":"sold-individually","11":"taxable","12":"shipping-taxable","13":"purchasable","14":"product-type-simple"},"_links":{"self":[{"href":"https:\/\/monicaroigart.com\/es\/wp-json\/wp\/v2\/product\/3283","targetHints":{"allow":["GET"]}}],"collection":[{"href":"https:\/\/monicaroigart.com\/es\/wp-json\/wp\/v2\/product"}],"about":[{"href":"https:\/\/monicaroigart.com\/es\/wp-json\/wp\/v2\/types\/product"}],"wp:featuredmedia":[{"embeddable":true,"href":"https:\/\/monicaroigart.com\/es\/wp-json\/wp\/v2\/media\/2562"}],"wp:attachment":[{"href":"https:\/\/monicaroigart.com\/es\/wp-json\/wp\/v2\/media?parent=3283"}],"wp:term":[{"taxonomy":"product_brand","embeddable":true,"href":"https:\/\/monicaroigart.com\/es\/wp-json\/wp\/v2\/product_brand?post=3283"},{"taxonomy":"product_cat","embeddable":true,"href":"https:\/\/monicaroigart.com\/es\/wp-json\/wp\/v2\/product_cat?post=3283"},{"taxonomy":"product_tag","embeddable":true,"href":"https:\/\/monicaroigart.com\/es\/wp-json\/wp\/v2\/product_tag?post=3283"}],"curies":[{"name":"wp","href":"https:\/\/api.w.org\/{rel}","templated":true}]}}