{"id":3278,"date":"2024-08-27T08:48:18","date_gmt":"2024-08-27T06:48:18","guid":{"rendered":"https:\/\/monicaroigart.com\/?post_type=product&#038;p=3278"},"modified":"2024-08-27T08:48:19","modified_gmt":"2024-08-27T06:48:19","slug":"punto-de-libro-fantasia","status":"publish","type":"product","link":"https:\/\/monicaroigart.com\/es\/producte\/punto-de-libro-fantasia\/","title":{"rendered":"Punto de libro FANTASIA"},"content":{"rendered":"","protected":false},"excerpt":{"rendered":"<p>&nbsp;<\/p>\n<p>Puntos de libro pintados con acuarela y papel japon\u00e9s y cinta de tela.<\/p>\n<p>&nbsp;<\/p>\n<p>Todos los <strong>puntos de libro<\/strong> est\u00e1n <strong>pintados a mano <\/strong>con <strong>cuarela<\/strong> y <strong>tinta<\/strong>, a menudo combinados con <strong >papeles<\/strong> especiales por cada motivo. Suelo plastificarlos, para que queden m\u00e1s protegidos. Tambi\u00e9n los hago sobre pedido. Al comprar uno, especifique, por favor, cu\u00e1l le gusta m\u00e1s de la colecci\u00f3n.<\/p>\n<p>&nbsp;<\/p>\n","protected":false},"featured_media":1343,"template":"","meta":[],"product_brand":[],"product_cat":[63],"product_tag":[],"class_list":{"0":"post-3278","1":"product","2":"type-product","3":"status-publish","4":"has-post-thumbnail","6":"product_cat-puntos-de-libro","8":"first","9":"instock","10":"sold-individually","11":"taxable","12":"shipping-taxable","13":"purchasable","14":"product-type-simple"},"_links":{"self":[{"href":"https:\/\/monicaroigart.com\/es\/wp-json\/wp\/v2\/product\/3278","targetHints":{"allow":["GET"]}}],"collection":[{"href":"https:\/\/monicaroigart.com\/es\/wp-json\/wp\/v2\/product"}],"about":[{"href":"https:\/\/monicaroigart.com\/es\/wp-json\/wp\/v2\/types\/product"}],"wp:featuredmedia":[{"embeddable":true,"href":"https:\/\/monicaroigart.com\/es\/wp-json\/wp\/v2\/media\/1343"}],"wp:attachment":[{"href":"https:\/\/monicaroigart.com\/es\/wp-json\/wp\/v2\/media?parent=3278"}],"wp:term":[{"taxonomy":"product_brand","embeddable":true,"href":"https:\/\/monicaroigart.com\/es\/wp-json\/wp\/v2\/product_brand?post=3278"},{"taxonomy":"product_cat","embeddable":true,"href":"https:\/\/monicaroigart.com\/es\/wp-json\/wp\/v2\/product_cat?post=3278"},{"taxonomy":"product_tag","embeddable":true,"href":"https:\/\/monicaroigart.com\/es\/wp-json\/wp\/v2\/product_tag?post=3278"}],"curies":[{"name":"wp","href":"https:\/\/api.w.org\/{rel}","templated":true}]}}