{"id":3276,"date":"2024-08-27T08:46:45","date_gmt":"2024-08-27T06:46:45","guid":{"rendered":"https:\/\/monicaroigart.com\/?post_type=product&#038;p=3276"},"modified":"2025-03-21T18:30:00","modified_gmt":"2025-03-21T16:30:00","slug":"puntos-de-libro-koi-colores","status":"publish","type":"product","link":"https:\/\/monicaroigart.com\/es\/producte\/puntos-de-libro-koi-colores\/","title":{"rendered":"Puntos de libro KOI COLORES"},"content":{"rendered":"","protected":false},"excerpt":{"rendered":"<p>&nbsp;<\/p>\n<p>Puntos de libro pintados con acuarela y papel japon\u00e9s.<\/p>\n<p>&nbsp;<\/p>\n<p>Todos los <strong>puntos de libro<\/strong> est\u00e1n <strong>pintados a mano <\/strong>con <strong>cuarela<\/strong> y <strong>tinta<\/strong>, a menudo combinados con <strong>papeles<\/strong> especiales por cada motivo. Suelo plastificarlos, para que queden m\u00e1s protegidos. Tambi\u00e9n los hago sobre pedido. Al comprar uno, especifique, por favor, cu\u00e1l le gusta m\u00e1s de la colecci\u00f3n.<\/p>\n<p>&nbsp;<\/p>\n","protected":false},"featured_media":1349,"template":"","meta":[],"product_brand":[],"product_cat":[63],"product_tag":[],"class_list":{"0":"post-3276","1":"product","2":"type-product","3":"status-publish","4":"has-post-thumbnail","6":"product_cat-puntos-de-libro","8":"first","9":"outofstock","10":"sold-individually","11":"taxable","12":"shipping-taxable","13":"purchasable","14":"product-type-simple"},"_links":{"self":[{"href":"https:\/\/monicaroigart.com\/es\/wp-json\/wp\/v2\/product\/3276","targetHints":{"allow":["GET"]}}],"collection":[{"href":"https:\/\/monicaroigart.com\/es\/wp-json\/wp\/v2\/product"}],"about":[{"href":"https:\/\/monicaroigart.com\/es\/wp-json\/wp\/v2\/types\/product"}],"wp:featuredmedia":[{"embeddable":true,"href":"https:\/\/monicaroigart.com\/es\/wp-json\/wp\/v2\/media\/1349"}],"wp:attachment":[{"href":"https:\/\/monicaroigart.com\/es\/wp-json\/wp\/v2\/media?parent=3276"}],"wp:term":[{"taxonomy":"product_brand","embeddable":true,"href":"https:\/\/monicaroigart.com\/es\/wp-json\/wp\/v2\/product_brand?post=3276"},{"taxonomy":"product_cat","embeddable":true,"href":"https:\/\/monicaroigart.com\/es\/wp-json\/wp\/v2\/product_cat?post=3276"},{"taxonomy":"product_tag","embeddable":true,"href":"https:\/\/monicaroigart.com\/es\/wp-json\/wp\/v2\/product_tag?post=3276"}],"curies":[{"name":"wp","href":"https:\/\/api.w.org\/{rel}","templated":true}]}}