{"id":3244,"date":"2024-08-23T15:41:28","date_gmt":"2024-08-23T13:41:28","guid":{"rendered":"https:\/\/monicaroigart.com\/?post_type=product&#038;p=3244"},"modified":"2024-08-23T15:41:29","modified_gmt":"2024-08-23T13:41:29","slug":"puntos-de-libro-mado1","status":"publish","type":"product","link":"https:\/\/monicaroigart.com\/es\/producte\/puntos-de-libro-mado1\/","title":{"rendered":"Puntos de libro MADO1"},"content":{"rendered":"","protected":false},"excerpt":{"rendered":"<p>&nbsp;<\/p>\n<p>Punto de libro pintado con acuarela, gouache y collage.<\/p>\n<p>&nbsp;<\/p>\n<p>Todos los <strong>puntos de libro<\/strong> est\u00e1n <strong>pintados a mano <\/strong>con <strong>cuarela<\/strong> y <strong>tinta y gouache<\/strong>, a menudo combinados con <strong>papeles<\/strong> especiales por cada motivo, todos vienen presentados con su funda de papel. Algunos est\u00e1n plastificados. Tambi\u00e9n los hago sobre pedido. Al comprar uno, especifique, por favor, cu\u00e1l le gusta m\u00e1s de la colecci\u00f3n.<\/p>\n<p>&nbsp;<\/p>\n","protected":false},"featured_media":2459,"template":"","meta":[],"product_brand":[],"product_cat":[63],"product_tag":[],"class_list":{"0":"post-3244","1":"product","2":"type-product","3":"status-publish","4":"has-post-thumbnail","6":"product_cat-puntos-de-libro","8":"first","9":"instock","10":"sold-individually","11":"taxable","12":"shipping-taxable","13":"purchasable","14":"product-type-simple"},"_links":{"self":[{"href":"https:\/\/monicaroigart.com\/es\/wp-json\/wp\/v2\/product\/3244","targetHints":{"allow":["GET"]}}],"collection":[{"href":"https:\/\/monicaroigart.com\/es\/wp-json\/wp\/v2\/product"}],"about":[{"href":"https:\/\/monicaroigart.com\/es\/wp-json\/wp\/v2\/types\/product"}],"wp:featuredmedia":[{"embeddable":true,"href":"https:\/\/monicaroigart.com\/es\/wp-json\/wp\/v2\/media\/2459"}],"wp:attachment":[{"href":"https:\/\/monicaroigart.com\/es\/wp-json\/wp\/v2\/media?parent=3244"}],"wp:term":[{"taxonomy":"product_brand","embeddable":true,"href":"https:\/\/monicaroigart.com\/es\/wp-json\/wp\/v2\/product_brand?post=3244"},{"taxonomy":"product_cat","embeddable":true,"href":"https:\/\/monicaroigart.com\/es\/wp-json\/wp\/v2\/product_cat?post=3244"},{"taxonomy":"product_tag","embeddable":true,"href":"https:\/\/monicaroigart.com\/es\/wp-json\/wp\/v2\/product_tag?post=3244"}],"curies":[{"name":"wp","href":"https:\/\/api.w.org\/{rel}","templated":true}]}}