{"id":3232,"date":"2024-08-23T15:32:47","date_gmt":"2024-08-23T13:32:47","guid":{"rendered":"https:\/\/monicaroigart.com\/?post_type=product&#038;p=3232"},"modified":"2024-08-23T15:32:48","modified_gmt":"2024-08-23T13:32:48","slug":"punto-de-libro-koi-negro","status":"publish","type":"product","link":"https:\/\/monicaroigart.com\/es\/producte\/punto-de-libro-koi-negro\/","title":{"rendered":"Punto de libro KOI NEGRO"},"content":{"rendered":"","protected":false},"excerpt":{"rendered":"<p>&nbsp;<\/p>\n<p>Punto de libro pintados con acuarela y papel japon\u00e9s y cinta.<\/p>\n<p>&nbsp;<\/p>\n<p>Todos los <strong>puntos de libro<\/strong> est\u00e1n <strong>pintados a mano <\/strong>con <strong>cuarela<\/strong> y <strong>tinta<\/strong>, a menudo combinados con <strong >papeles<\/strong> especiales por cada motivo. Tambi\u00e9n los hago sobre pedido por bodas, cumplea\u00f1os, clubs de lectura. Al comprar uno, especifique, por favor, cu\u00e1l le gusta m\u00e1s de la colecci\u00f3n. Todos los puntos de libro van con su funda de papel.<\/p>\n<p>&nbsp;<\/p>\n<p>&nbsp;<\/p>\n","protected":false},"featured_media":2716,"template":"","meta":[],"product_brand":[],"product_cat":[63],"product_tag":[],"class_list":{"0":"post-3232","1":"product","2":"type-product","3":"status-publish","4":"has-post-thumbnail","6":"product_cat-puntos-de-libro","8":"first","9":"instock","10":"sold-individually","11":"taxable","12":"shipping-taxable","13":"purchasable","14":"product-type-simple"},"_links":{"self":[{"href":"https:\/\/monicaroigart.com\/es\/wp-json\/wp\/v2\/product\/3232","targetHints":{"allow":["GET"]}}],"collection":[{"href":"https:\/\/monicaroigart.com\/es\/wp-json\/wp\/v2\/product"}],"about":[{"href":"https:\/\/monicaroigart.com\/es\/wp-json\/wp\/v2\/types\/product"}],"wp:featuredmedia":[{"embeddable":true,"href":"https:\/\/monicaroigart.com\/es\/wp-json\/wp\/v2\/media\/2716"}],"wp:attachment":[{"href":"https:\/\/monicaroigart.com\/es\/wp-json\/wp\/v2\/media?parent=3232"}],"wp:term":[{"taxonomy":"product_brand","embeddable":true,"href":"https:\/\/monicaroigart.com\/es\/wp-json\/wp\/v2\/product_brand?post=3232"},{"taxonomy":"product_cat","embeddable":true,"href":"https:\/\/monicaroigart.com\/es\/wp-json\/wp\/v2\/product_cat?post=3232"},{"taxonomy":"product_tag","embeddable":true,"href":"https:\/\/monicaroigart.com\/es\/wp-json\/wp\/v2\/product_tag?post=3232"}],"curies":[{"name":"wp","href":"https:\/\/api.w.org\/{rel}","templated":true}]}}