{"id":3196,"date":"2024-08-23T14:48:00","date_gmt":"2024-08-23T12:48:00","guid":{"rendered":"https:\/\/monicaroigart.com\/?post_type=product&#038;p=3196"},"modified":"2024-08-23T14:48:01","modified_gmt":"2024-08-23T12:48:01","slug":"colgante-junio","status":"publish","type":"product","link":"https:\/\/monicaroigart.com\/es\/producte\/colgante-junio\/","title":{"rendered":"Colgante JUNIO"},"content":{"rendered":"","protected":false},"excerpt":{"rendered":"<p>Collar de cer\u00e1mica blanca con decoraci\u00f3n de engobe y cord\u00f3n ajustable de cuero. Medida 3,5cm de di\u00e1metro<\/p>\n<p>&nbsp;<\/p>\n<p class=\"Standard\">Todos los collares y colgantes de <b>cer\u00e1mica <\/b>est\u00e1n hechos<b> artesanalmente,<\/b> dependiendo del resultado que busco, uso una t\u00e9cnica u otra, las cocciones a 980C -1250C, dependiendo tambi\u00e9n de las materias utilizadas, las decoraciones est\u00e1n hechas con <b>engobes, esmaltes <\/b>y cristales. <b><\/b>Est\u00e1n montados en cordoncitos de cuero o metal y todas las piezas son \u00fanicas. <b><\/b>Un buen complemento para tu vestuario.<b><\/b><\/p>\n","protected":false},"featured_media":2895,"template":"","meta":[],"product_brand":[],"product_cat":[62],"product_tag":[],"class_list":{"0":"post-3196","1":"product","2":"type-product","3":"status-publish","4":"has-post-thumbnail","6":"product_cat-collares-y-colgantes","8":"first","9":"instock","10":"sold-individually","11":"taxable","12":"shipping-taxable","13":"purchasable","14":"product-type-simple"},"_links":{"self":[{"href":"https:\/\/monicaroigart.com\/es\/wp-json\/wp\/v2\/product\/3196","targetHints":{"allow":["GET"]}}],"collection":[{"href":"https:\/\/monicaroigart.com\/es\/wp-json\/wp\/v2\/product"}],"about":[{"href":"https:\/\/monicaroigart.com\/es\/wp-json\/wp\/v2\/types\/product"}],"wp:featuredmedia":[{"embeddable":true,"href":"https:\/\/monicaroigart.com\/es\/wp-json\/wp\/v2\/media\/2895"}],"wp:attachment":[{"href":"https:\/\/monicaroigart.com\/es\/wp-json\/wp\/v2\/media?parent=3196"}],"wp:term":[{"taxonomy":"product_brand","embeddable":true,"href":"https:\/\/monicaroigart.com\/es\/wp-json\/wp\/v2\/product_brand?post=3196"},{"taxonomy":"product_cat","embeddable":true,"href":"https:\/\/monicaroigart.com\/es\/wp-json\/wp\/v2\/product_cat?post=3196"},{"taxonomy":"product_tag","embeddable":true,"href":"https:\/\/monicaroigart.com\/es\/wp-json\/wp\/v2\/product_tag?post=3196"}],"curies":[{"name":"wp","href":"https:\/\/api.w.org\/{rel}","templated":true}]}}