{"id":3172,"date":"2024-08-23T13:21:38","date_gmt":"2024-08-23T11:21:38","guid":{"rendered":"https:\/\/monicaroigart.com\/?post_type=product&#038;p=3172"},"modified":"2024-12-01T13:15:36","modified_gmt":"2024-12-01T11:15:36","slug":"pendientes-tierra","status":"publish","type":"product","link":"https:\/\/monicaroigart.com\/es\/producte\/pendientes-tierra\/","title":{"rendered":"Pendientes TIERRA"},"content":{"rendered":"","protected":false},"excerpt":{"rendered":"<p>&nbsp;<\/p>\n<p>Pendientes de cer\u00e1mica decorados con esmalte de alta temperatura con aros plateados. Medida 2,5X1 cm.<\/p>\n<p>&nbsp;<\/p>\n<p class=\"Standard\">Realizo todos los pendientes de <b>cer\u00e1mica artesanalmente<\/b>, dependiendo del resultado que busco, uso una t\u00e9cnica u otra, las cocciones a 980C-1250C, dependiendo tambi\u00e9n de las materias utilizadas, las decoraciones est\u00e1n hechas con <b>engobes, esmaltes<\/b> y cristales. Los aros pueden ser de plata para no producir ninguna alergia. Son piezas delicadas, por lo que las disfruta mucho tiempo, cuida de ellas.<\/p>\n","protected":false},"featured_media":2941,"template":"","meta":[],"product_brand":[],"product_cat":[61],"product_tag":[],"class_list":{"0":"post-3172","1":"product","2":"type-product","3":"status-publish","4":"has-post-thumbnail","6":"product_cat-pendientes","8":"first","9":"outofstock","10":"sold-individually","11":"taxable","12":"shipping-taxable","13":"purchasable","14":"product-type-simple"},"_links":{"self":[{"href":"https:\/\/monicaroigart.com\/es\/wp-json\/wp\/v2\/product\/3172","targetHints":{"allow":["GET"]}}],"collection":[{"href":"https:\/\/monicaroigart.com\/es\/wp-json\/wp\/v2\/product"}],"about":[{"href":"https:\/\/monicaroigart.com\/es\/wp-json\/wp\/v2\/types\/product"}],"wp:featuredmedia":[{"embeddable":true,"href":"https:\/\/monicaroigart.com\/es\/wp-json\/wp\/v2\/media\/2941"}],"wp:attachment":[{"href":"https:\/\/monicaroigart.com\/es\/wp-json\/wp\/v2\/media?parent=3172"}],"wp:term":[{"taxonomy":"product_brand","embeddable":true,"href":"https:\/\/monicaroigart.com\/es\/wp-json\/wp\/v2\/product_brand?post=3172"},{"taxonomy":"product_cat","embeddable":true,"href":"https:\/\/monicaroigart.com\/es\/wp-json\/wp\/v2\/product_cat?post=3172"},{"taxonomy":"product_tag","embeddable":true,"href":"https:\/\/monicaroigart.com\/es\/wp-json\/wp\/v2\/product_tag?post=3172"}],"curies":[{"name":"wp","href":"https:\/\/api.w.org\/{rel}","templated":true}]}}