{"id":3140,"date":"2022-05-08T10:56:33","date_gmt":"2024-08-23T10:51:50","guid":{"rendered":"https:\/\/monicaroigart.com\/?post_type=product&#038;p=3140"},"modified":"2025-05-13T16:49:21","modified_gmt":"2025-05-13T14:49:21","slug":"abanico-azul-rosas","status":"publish","type":"product","link":"https:\/\/monicaroigart.com\/es\/producte\/abanico-azul-rosas\/","title":{"rendered":"Abanico AZUL-ROSAS"},"content":{"rendered":"","protected":false},"excerpt":{"rendered":"<p>&nbsp;<\/p>\n<p>Abanico azul marino,\u00a0 pintado a mano y madera mate de peral. Medida del abanico abierto 43 cm y cerrado 23 cm.<\/p>\n<p>&nbsp;<\/p>\n<p class=\"Standard\">Todos los abanicos son de madera y tela y est\u00e1n pintados a mano con tintas y acuarelas, por lo tanto no deben mojarse, ya que se podr\u00edan deteriorar. Cada uno de ellos son \u00fanicos y personales.<\/p>\n<p>&nbsp;<\/p>\n","protected":false},"featured_media":1464,"template":"","meta":[],"product_brand":[],"product_cat":[59],"product_tag":[],"class_list":{"0":"post-3140","1":"product","2":"type-product","3":"status-publish","4":"has-post-thumbnail","6":"product_cat-abanicos","8":"first","9":"instock","10":"sold-individually","11":"taxable","12":"shipping-taxable","13":"purchasable","14":"product-type-simple"},"_links":{"self":[{"href":"https:\/\/monicaroigart.com\/es\/wp-json\/wp\/v2\/product\/3140","targetHints":{"allow":["GET"]}}],"collection":[{"href":"https:\/\/monicaroigart.com\/es\/wp-json\/wp\/v2\/product"}],"about":[{"href":"https:\/\/monicaroigart.com\/es\/wp-json\/wp\/v2\/types\/product"}],"wp:featuredmedia":[{"embeddable":true,"href":"https:\/\/monicaroigart.com\/es\/wp-json\/wp\/v2\/media\/1464"}],"wp:attachment":[{"href":"https:\/\/monicaroigart.com\/es\/wp-json\/wp\/v2\/media?parent=3140"}],"wp:term":[{"taxonomy":"product_brand","embeddable":true,"href":"https:\/\/monicaroigart.com\/es\/wp-json\/wp\/v2\/product_brand?post=3140"},{"taxonomy":"product_cat","embeddable":true,"href":"https:\/\/monicaroigart.com\/es\/wp-json\/wp\/v2\/product_cat?post=3140"},{"taxonomy":"product_tag","embeddable":true,"href":"https:\/\/monicaroigart.com\/es\/wp-json\/wp\/v2\/product_tag?post=3140"}],"curies":[{"name":"wp","href":"https:\/\/api.w.org\/{rel}","templated":true}]}}