{"id":3122,"date":"2024-08-23T09:35:39","date_gmt":"2024-08-23T07:35:39","guid":{"rendered":"https:\/\/monicaroigart.com\/?page_id=3122"},"modified":"2025-07-22T12:08:16","modified_gmt":"2025-07-22T10:08:16","slug":"condiciones-de-compra","status":"publish","type":"page","link":"https:\/\/monicaroigart.com\/es\/condiciones-de-compra\/","title":{"rendered":"Condiciones de compra"},"content":{"rendered":"<div class=\"wpb-content-wrapper\"><p>[vc_row css_animation=\u00bb\u00bb row_type=\u00bbrow\u00bb use_row_as_full_screen_section=\u00bbno\u00bb type=\u00bbgrid\u00bb angled_section=\u00bbno\u00bb text_align=\u00bbleft\u00bb background_image_as_pattern=\u00bbwithout_pattern\u00bb padding_top=\u00bb123&#8243; padding_bottom=\u00bb103&#8243; z_index=\u00bb\u00bb][vc_column][vc_column_text css=\u00bb\u00bb]<\/p>\n<h1>Condiciones de compra<\/h1>\n<p>[\/vc_column_text][vc_empty_space height=\u00bb75&#8243;][vc_column_text css=\u00bb\u00bb]El plazo de entrega de las piezas ser\u00e1 de siete d\u00edas m\u00e1ximo desde la recepci\u00f3n del pago, siempre que est\u00e9n disponibles.<\/p>\n<p>&nbsp;<\/p>\n<p>Cada prenda que hago es \u00fanica, en caso de no disponer en este momento del producto, nos ponemos en contacto y te comento, cuando podr\u00eda estar disponible.<\/p>\n<p>&nbsp;<\/p>\n<p>Tanto en los pa\u00f1uelos de seda, como en las piezas de cer\u00e1mica, existe un trabajo manual que requiere un proceso. En caso de repetirlas, en ning\u00fan caso quedar\u00e1n iguales, especialmente en las piezas de cer\u00e1mica que pueden cambiar las tonalidades de colores al hornearlas, esto es parte del encanto que las hace \u00fanicas.<\/p>\n<p>&nbsp;<\/p>\n<p>Todas las piezas vienen presentadas con la caja y certificado correspondiente.<\/p>\n<p>&nbsp;<\/p>\n<h3>POL\u00cdTICA DE DEVOLUCIONES<\/h3>\n<p>&nbsp;<\/p>\n<p>No se aceptan devoluciones. Tanto las piezas de cer\u00e1mica como los pa\u00f1uelos de seda son \u00fanicos e irrepetibles.<\/p>\n<p>&nbsp;<\/p>\n<p>Si se hace alguna pieza por encargo, puede haber peque\u00f1as variaciones en los colores, si no est\u00e1s conforme con el resultado, ponte en contacto conmigo, mediante el correo electr\u00f3nico <a href=\"mailto:roigjuyol@gmail.com \">roigjuyol@gmail.com<\/a><b> <\/b>y<b> <\/b>seguro que pueden solucionarlo.<\/p>\n<p>&nbsp;<\/p>\n<h3>ENV\u00cdOS<\/h3>\n<p>&nbsp;<\/p>\n<p style=\"padding-left: 40px;\">\u00b7 Los env\u00edos se entregar\u00e1n a domicilio.<\/p>\n<p style=\"padding-left: 40px;\">\u00b7 Las tarifas de env\u00edo por Catalu\u00f1a son de 7\u20ac<\/p>\n<p style=\"padding-left: 40px;\">\u00b7 Pen\u00ednsula y Andorra 12\u20ac<\/p>\n<p style=\"padding-left: 40px;\">\u00b7 Baleares, Ceuta y Melilla 14\u20ac<\/p>\n<p style=\"padding-left: 40px;\">\u00b7 Canarias 24\u20ac<\/p>\n<p style=\"padding-left: 40px;\">\u00b7 Puntos de libro env\u00edo gratuito<\/p>\n<p style=\"padding-left: 40px;\">\u00b7 Para otros destinos, consultar precios.<\/p>\n<p>[\/vc_column_text][\/vc_column][\/vc_row]<\/p>\n<\/div>","protected":false},"excerpt":{"rendered":"<p>[vc_row css_animation=\u00bb\u00bb row_type=\u00bbrow\u00bb use_row_as_full_screen_section=\u00bbno\u00bb type=\u00bbgrid\u00bb angled_section=\u00bbno\u00bb text_align=\u00bbleft\u00bb background_image_as_pattern=\u00bbwithout_pattern\u00bb padding_top=\u00bb123&#8243; padding_bottom=\u00bb103&#8243; z_index=\u00bb\u00bb][vc_column][vc_column_text css=\u00bb\u00bb] Condiciones de compra [\/vc_column_text][vc_empty_space height=\u00bb75&#8243;][vc_column_text css=\u00bb\u00bb]El plazo de entrega de las piezas ser\u00e1 de siete d\u00edas m\u00e1ximo desde la recepci\u00f3n del pago, siempre que est\u00e9n disponibles. &nbsp; Cada prenda que hago es \u00fanica,&#8230;<\/p>\n","protected":false},"author":1,"featured_media":0,"parent":0,"menu_order":0,"comment_status":"closed","ping_status":"closed","template":"full_width.php","meta":{"footnotes":""},"class_list":["post-3122","page","type-page","status-publish","hentry"],"_links":{"self":[{"href":"https:\/\/monicaroigart.com\/es\/wp-json\/wp\/v2\/pages\/3122","targetHints":{"allow":["GET"]}}],"collection":[{"href":"https:\/\/monicaroigart.com\/es\/wp-json\/wp\/v2\/pages"}],"about":[{"href":"https:\/\/monicaroigart.com\/es\/wp-json\/wp\/v2\/types\/page"}],"author":[{"embeddable":true,"href":"https:\/\/monicaroigart.com\/es\/wp-json\/wp\/v2\/users\/1"}],"replies":[{"embeddable":true,"href":"https:\/\/monicaroigart.com\/es\/wp-json\/wp\/v2\/comments?post=3122"}],"version-history":[{"count":4,"href":"https:\/\/monicaroigart.com\/es\/wp-json\/wp\/v2\/pages\/3122\/revisions"}],"predecessor-version":[{"id":4168,"href":"https:\/\/monicaroigart.com\/es\/wp-json\/wp\/v2\/pages\/3122\/revisions\/4168"}],"wp:attachment":[{"href":"https:\/\/monicaroigart.com\/es\/wp-json\/wp\/v2\/media?parent=3122"}],"curies":[{"name":"wp","href":"https:\/\/api.w.org\/{rel}","templated":true}]}}