{"id":3096,"date":"2024-08-23T09:07:56","date_gmt":"2024-08-23T07:07:56","guid":{"rendered":"https:\/\/monicaroigart.com\/?page_id=3096"},"modified":"2024-08-23T09:07:56","modified_gmt":"2024-08-23T07:07:56","slug":"politica-de-privacidad-redes-sociales","status":"publish","type":"page","link":"https:\/\/monicaroigart.com\/es\/politica-de-privacidad-redes-sociales\/","title":{"rendered":"Pol\u00edtica de privacidad redes sociales"},"content":{"rendered":"<div class=\"wpb-content-wrapper\"><p>[vc_row css_animation=\u00bb\u00bb row_type=\u00bbrow\u00bb use_row_as_full_screen_section=\u00bbno\u00bb type=\u00bbgrid\u00bb angled_section=\u00bbno\u00bb text_align=\u00bbleft\u00bb background_image_as_pattern=\u00bbwithout_pattern\u00bb padding_top=\u00bb123&#8243; padding_bottom=\u00bb103&#8243; z_index=\u00bb\u00bb][vc_column][vc_column_text css=\u00bb\u00bb]<\/p>\n<h1>Pol\u00edtica de privacidad redes sociales<\/h1>\n<p>[\/vc_column_text][vc_empty_space height=\u00bb75&#8243;][vc_column_text css=\u00bb\u00bb]De conformidad con lo que establece la normativa vigente en Protecci\u00f3n de Datos de Car\u00e1cter Personal (RGPD) y la Ley 34\/2002, de 11 de julio, de Servicios de la Sociedad de la Informaci\u00f3n y de Comercio Electr\u00f3nico (LSSI-CE), M\u00d2NICA ROIG JUYOL informa a los usuarios, que ha procedido a crear un perfil en la\/s Red\/s Social\/s Facebook e Instagram, con la finalidad principal de publicitar sus productos y servicios.<\/p>\n<p>&nbsp;<\/p>\n<p>Datos de M\u00d2NICA ROIG JUYOL:<\/p>\n<p>&nbsp;<\/p>\n<p style=\"padding-left: 40px;\"><strong>\u00b7 NIF:<\/strong> 44000371Z<\/p>\n<p style=\"padding-left: 40px;\"><strong>\u00b7 DIRECCI\u00d3N:<\/strong> C\/ MAIGNON 50, 4\u00ba 2a \u2013 08024 BARCELONA<\/p>\n<p style=\"padding-left: 40px;\"><strong>\u00b7 CORREO ELECTR\u00d3NICO: <\/strong>roigjuyol@gmail.com<\/p>\n<p style=\"padding-left: 40px;\"><strong>\u00b7 DOMINIO WEB:<\/strong> www.monicaroigart.com<\/p>\n<p>&nbsp;<\/p>\n<p>El usuario dispone de un perfil en la misma Red Social y ha decidido unirse a la p\u00e1gina creada por M\u00d2NICA ROIG JUYOL, mostrando as\u00ed inter\u00e9s en la informaci\u00f3n que se publicite en la Red. Al unirse a nuestra p\u00e1gina, nos facilita su consentimiento para el tratamiento de aquellos datos personales publicados en su perfil.<\/p>\n<p>&nbsp;<\/p>\n<p>El usuario puede acceder en todo momento a las pol\u00edticas de privacidad de la propia Red Social, as\u00ed como configurar su perfil para garantizar su privacidad.<\/p>\n<p>&nbsp;<\/p>\n<p>M\u00d2NICA ROIG JUYOL tiene acceso y trata la informaci\u00f3n p\u00fablica del usuario, especialmente, su nombre de contacto. Estos datos solo son utilizados dentro de la propia Red Social. No son incorporadas a ning\u00fan archivo.<\/p>\n<p>&nbsp;<\/p>\n<p>En relaci\u00f3n con los derechos de acceso, rectificaci\u00f3n, limitaci\u00f3n de tratamiento, supresi\u00f3n, portabilidad y oposici\u00f3n al tratamiento, de los que usted dispone y que pueden ser ejercidos ante M\u00d2NICA ROIG JUYOL, de acuerdo con la RGPD, debe tener en cuenta los siguientes matices:<\/p>\n<p>&nbsp;<\/p>\n<p style=\"padding-left: 40px;\"><strong>\u00b7 Acceso:<\/strong> vendr\u00e1 definido por la funcionalidad de la Red Social y la capacidad de acceso a la informaci\u00f3n de los perfiles de los usuarios.<\/p>\n<p style=\"padding-left: 40px;\"><strong>\u00b7 Rectificaci\u00f3n:<\/strong> solo podr\u00e1 satisfacerse en relaci\u00f3n con la informaci\u00f3n que se encuentre bajo el control de M\u00d2NICA ROIG JUYOL, por ejemplo, eliminar comentarios publicados en la propia p\u00e1gina. Normalmente, este derecho debe ejercerlo ante la Red Social.<\/p>\n<p style=\"padding-left: 40px;\"><strong>\u00b7 Cancelaci\u00f3n y\/u oposici\u00f3n:<\/strong> como en el caso anterior, solo podr\u00e1 satisfacerse en relaci\u00f3n con la informaci\u00f3n que se encuentre bajo el control de M\u00d2NICA ROIG JUYOL, por ejemplo, dejar de estar unido al perfil.<\/p>\n<p>&nbsp;<\/p>\n<p>M\u00d2NICA ROIG JUYOL realizar\u00e1 las siguientes actuaciones:<\/p>\n<p>&nbsp;<\/p>\n<p style=\"padding-left: 40px;\">\u00b7 Acceso a la informaci\u00f3n p\u00fablica del perfil.<\/p>\n<p style=\"padding-left: 40px;\">\u00b7 Publicaci\u00f3n en el perfil del usuario de toda aquella informaci\u00f3n ya publicada en la p\u00e1gina de M\u00d2NICA ROIG JUYOL.<\/p>\n<p style=\"padding-left: 40px;\">\u00b7 Enviar mensajes personales e individuales a trav\u00e9s de los canales de la Red Social.<\/p>\n<p style=\"padding-left: 40px;\">\u00b7 Actualizaciones del estado de la p\u00e1gina que se publicar\u00e1n en el perfil del usuario.<\/p>\n<p>&nbsp;<\/p>\n<p>El usuario siempre puede controlar sus conexiones, eliminar los contenidos que dejen de interesar y restringir con quien comparte sus conexiones, para lo cual deber\u00e1 acceder a su configuraci\u00f3n de privacidad.<\/p>\n<p>&nbsp;<\/p>\n<h3>PUBLICACIONES<\/h3>\n<p>&nbsp;<\/p>\n<p>El usuario, una vez unido a la p\u00e1gina de M\u00d2NICA ROIG JUYOL, podr\u00e1 publicar en esta \u00faltima comentarios, enlaces, im\u00e1genes o fotograf\u00edas o cualquier otro tipo de contenido multimedia soportado por la Red Social. El usuario, en todos los casos, debe ser el titular de los mismos, gozar de los derechos de autor y de propiedad intelectual o contar con el consentimiento de los terceros afectados. Se proh\u00edbe expresamente cualquier publicaci\u00f3n en la p\u00e1gina, ya sean textos, gr\u00e1ficos, fotograf\u00edas, v\u00eddeos, etc. que atenten o sean susceptibles de atentar contra la moral, la \u00e9tica, el buen gusto o el decoro, y\/o que infrinjan, violen o infrinjan los derechos de propiedad intelectual o industrial, el derecho a la imagen o la ley . En estos casos, M\u00d2NICA ROIG JUYOL se reserva el derecho a retirar inmediatamente el contenido, pudiendo solicitar el bloqueo permanente del usuario.<\/p>\n<p>&nbsp;<\/p>\n<p>M\u00d2NICA ROIG JUYOL no se har\u00e1 responsable de los contenidos que libremente ha publicado un usuario.<\/p>\n<p>&nbsp;<\/p>\n<p>El usuario debe tener presente que sus publicaciones ser\u00e1n conocidas por los dem\u00e1s usuarios, por lo que \u00e9l mismo es el principal responsable de su privacidad.<\/p>\n<p>&nbsp;<\/p>\n<p>Las im\u00e1genes se puedan publicar en la p\u00e1gina no ser\u00e1n almacenadas en ning\u00fan fichero por parte de M\u00d2NICA ROIG JUYOL, pero s\u00ed permanecer\u00e1n en la Red Social.<\/p>\n<p>&nbsp;<\/p>\n<h3>CONCURSOS Y PROMOCIONES<\/h3>\n<p>&nbsp;<\/p>\n<p>M\u00d2NICA ROIG JUYOL se reserva el derecho a realizar concursos y promociones, en los que podr\u00e1 participar el usuario unido a su p\u00e1gina. Las bases de cada uno de ellos, cuando se utilice para ello la plataforma de la Red Social, ser\u00e1n publicadas en la misma. Cumpliendo siempre con la LSSI-CE y cualquier otra norma que le sea de aplicaci\u00f3n.<\/p>\n<p>&nbsp;<\/p>\n<p>La Red Social no patrocina, avala ni administra, en modo alguno, ninguna de nuestras promociones, ni est\u00e1 asociada a ninguna de ellas.<\/p>\n<p>&nbsp;<\/p>\n<h3>PUBLICIDAD<\/h3>\n<p>&nbsp;<\/p>\n<p>M\u00d2NICA ROIG JUYOL utilizar\u00e1 la Red Social para publicitar sus productos y servicios, en todo caso, si decide tratar sus datos de contacto para realizar acciones directas de prospecci\u00f3n comercial, ser\u00e1 siempre, cumpliendo con las exigencias legales del RGPD y de la LSSI-CE.<\/p>\n<p>&nbsp;<\/p>\n<p>No se considera publicidad el hecho de recomendar a otros usuarios la p\u00e1gina de M\u00d2NICA ROIG JUYOL para que tambi\u00e9n ellos puedan disfrutar de las promociones o estar informados de su actividad.[\/vc_column_text][\/vc_column][\/vc_row]<\/p>\n<\/div>","protected":false},"excerpt":{"rendered":"<p>[vc_row css_animation=\u00bb\u00bb row_type=\u00bbrow\u00bb use_row_as_full_screen_section=\u00bbno\u00bb type=\u00bbgrid\u00bb angled_section=\u00bbno\u00bb text_align=\u00bbleft\u00bb background_image_as_pattern=\u00bbwithout_pattern\u00bb padding_top=\u00bb123&#8243; padding_bottom=\u00bb103&#8243; z_index=\u00bb\u00bb][vc_column][vc_column_text css=\u00bb\u00bb] Pol\u00edtica de privacidad redes sociales [\/vc_column_text][vc_empty_space height=\u00bb75&#8243;][vc_column_text css=\u00bb\u00bb]De conformidad con lo que establece la normativa vigente en Protecci\u00f3n de Datos de Car\u00e1cter Personal (RGPD) y la Ley 34\/2002, de 11 de julio, de&#8230;<\/p>\n","protected":false},"author":1,"featured_media":0,"parent":0,"menu_order":0,"comment_status":"closed","ping_status":"closed","template":"full_width.php","meta":{"footnotes":""},"class_list":["post-3096","page","type-page","status-publish","hentry"],"_links":{"self":[{"href":"https:\/\/monicaroigart.com\/es\/wp-json\/wp\/v2\/pages\/3096","targetHints":{"allow":["GET"]}}],"collection":[{"href":"https:\/\/monicaroigart.com\/es\/wp-json\/wp\/v2\/pages"}],"about":[{"href":"https:\/\/monicaroigart.com\/es\/wp-json\/wp\/v2\/types\/page"}],"author":[{"embeddable":true,"href":"https:\/\/monicaroigart.com\/es\/wp-json\/wp\/v2\/users\/1"}],"replies":[{"embeddable":true,"href":"https:\/\/monicaroigart.com\/es\/wp-json\/wp\/v2\/comments?post=3096"}],"version-history":[{"count":1,"href":"https:\/\/monicaroigart.com\/es\/wp-json\/wp\/v2\/pages\/3096\/revisions"}],"predecessor-version":[{"id":3097,"href":"https:\/\/monicaroigart.com\/es\/wp-json\/wp\/v2\/pages\/3096\/revisions\/3097"}],"wp:attachment":[{"href":"https:\/\/monicaroigart.com\/es\/wp-json\/wp\/v2\/media?parent=3096"}],"curies":[{"name":"wp","href":"https:\/\/api.w.org\/{rel}","templated":true}]}}