{"id":3062,"date":"2024-08-22T15:34:17","date_gmt":"2024-08-22T13:34:17","guid":{"rendered":"https:\/\/monicaroigart.com\/?page_id=3062"},"modified":"2025-07-22T12:22:51","modified_gmt":"2025-07-22T10:22:51","slug":"tienda","status":"publish","type":"page","link":"https:\/\/monicaroigart.com\/es\/tienda\/","title":{"rendered":"Tienda"},"content":{"rendered":"<div class=\"wpb-content-wrapper\"><p>[vc_row css_animation=\u00bb\u00bb row_type=\u00bbrow\u00bb use_row_as_full_screen_section=\u00bbno\u00bb type=\u00bbfull_width\u00bb angled_section=\u00bbno\u00bb text_align=\u00bbleft\u00bb background_image_as_pattern=\u00bbwithout_pattern\u00bb z_index=\u00bb\u00bb padding_bottom=\u00bb100&#8243;][vc_column width=\u00bb1\/2&#8243;][vc_column_text css=\u00bb\u00bb]<\/p>\n<h2>La tienda de<br \/>\nM\u00f2nica Roig Artesan\u00eda<\/h2>\n<p>[\/vc_column_text][\/vc_column][vc_column width=\u00bb1\/2&#8243;][vc_column_text css=\u00bb\u00bb]Actualmente parece que se vuelve a valorar la compra de proximidad y las piezas artesanales. En mi tienda online puede encontrar mis creaciones hechas con mucha ilusi\u00f3n, les doy las gracias de antemano a todos lo que siempre me ha apoyado y animado a seguir con mi proyecto. No tengo tienda fisica, pero si contactais conmigo os puedo ense\u00f1ar mis creaciones. Gracias&#8230; Espero que os guste.<\/p>\n<p>&nbsp;<\/p>\n<p style=\"text-align: right;\"><strong>M\u00f3nica<\/strong><\/p>\n<p>[\/vc_column_text][\/vc_column][\/vc_row][vc_row css_animation=\u00bb\u00bb row_type=\u00bbrow\u00bb use_row_as_full_screen_section=\u00bbno\u00bb type=\u00bbfull_width\u00bb angled_section=\u00bbno\u00bb text_align=\u00bbleft\u00bb background_image_as_pattern=\u00bbwithout_pattern\u00bb z_index=\u00bb\u00bb padding_bottom=\u00bb25&#8243;][vc_column width=\u00bb1\/3&#8243;][vc_single_image image=\u00bb2441&#8243; img_size=\u00bbfull\u00bb alignment=\u00bbcenter\u00bb onclick=\u00bbcustom_link\u00bb css=\u00bb\u00bb qode_css_animation=\u00bb\u00bb link=\u00bb\/es\/tienda-anillos\/\u00bb][vc_empty_space][vc_column_text css=\u00bb\u00bb]<\/p>\n<h2>Anillos<\/h2>\n<p>[\/vc_column_text][vc_empty_space][vc_column_text css=\u00bb\u00bb]Realizo todos los\u00a0<strong>anillos\u00a0<\/strong>de\u00a0<strong>cer\u00e1mica artesanalmente,<\/strong> dependiendo del resultado que busco, uso una t\u00e9cnica u otra, dependiendo tambi\u00e9n de las materias utilizadas, las decoraciones est\u00e1n hechas con <strong> engobes, esmaltes\u00a0<\/strong>y cristales.[\/vc_column_text][vc_empty_space]<a  itemprop=\"url\" href=\"\/es\/tienda-anillos\/\" target=\"_self\"  class=\"qbutton  default\" style=\"\">COMPRAR ANILLOS<\/a>[vc_empty_space height=\u00bb50px\u00bb][\/vc_column][vc_column width=\u00bb1\/3&#8243;][vc_single_image image=\u00bb2433&#8243; img_size=\u00bbfull\u00bb alignment=\u00bbcenter\u00bb onclick=\u00bbcustom_link\u00bb css=\u00bb\u00bb qode_css_animation=\u00bb\u00bb link=\u00bb\/es\/tienda-pendientes\/\u00bb][vc_empty_space][vc_column_text css=\u00bb\u00bb]<\/p>\n<h2>Pendientes<\/h2>\n<p>[\/vc_column_text][vc_empty_space][vc_column_text css=\u00bb\u00bb]Realizo todos los\u00a0<b> pendientes<\/b>\u00a0de\u00a0<b>cer\u00e1mica artesanalmente. <\/b>Los cierres son de plata o chapados, por tanto de no producir ninguna alergia. Son piezas delicadas, por lo que las disfruta mucho tiempo, cuida de ellas.[\/vc_column_text][vc_empty_space]<a  itemprop=\"url\" href=\"\/es\/tienda-pendientes\/\" target=\"_self\"  class=\"qbutton  default\" style=\"\">COMPRAR PENDIENTES<\/a>[vc_empty_space height=\u00bb50px\u00bb][\/vc_column][vc_column width=\u00bb1\/3&#8243;][vc_single_image image=\u00bb2435&#8243; img_size=\u00bbfull\u00bb alignment=\u00bbcenter\u00bb onclick=\u00bbcustom_link\u00bb css=\u00bb\u00bb qode_css_animation=\u00bb\u00bb link=\u00bb\/es\/tienda-collares-y-colgantes\/\u00bb][vc_empty_space][vc_column_text css=\u00bb\u00bb]<\/p>\n<h2>Collares y colgantes<\/h2>\n<p>[\/vc_column_text][vc_empty_space][vc_column_text css=\u00bb\u00bb]Todos los collares y colgantes de cer\u00e1mica est\u00e1n hechos artesanalmente.<b><\/b>Est\u00e1n montados en cordoncitos de cuero o metal y todas las piezas son \u00fanicas. Las decoraciones est\u00e1n hechas con\u00a0<strong>engobes, esmaltes\u00a0<\/strong>y cristales.<b><\/b>Un buen complemento para tu vestuario.[\/vc_column_text][vc_empty_space]<a  itemprop=\"url\" href=\"\/es\/tienda-collares-y-colgantes\/\" target=\"_self\"  class=\"qbutton  default\" style=\"\">COMPRAR COLLARES Y COLGANTES<\/a>[vc_empty_space height=\u00bb50px\u00bb][\/vc_column][\/vc_row][vc_row css_animation=\u00bb\u00bb row_type=\u00bbrow\u00bb use_row_as_full_screen_section=\u00bbno\u00bb type=\u00bbfull_width\u00bb angled_section=\u00bbno\u00bb text_align=\u00bbleft\u00bb background_image_as_pattern=\u00bbwithout_pattern\u00bb z_index=\u00bb\u00bb padding_bottom=\u00bb25&#8243; padding_top=\u00bb25&#8243;][vc_column width=\u00bb1\/3&#8243;][vc_single_image image=\u00bb2437&#8243; img_size=\u00bbfull\u00bb alignment=\u00bbcenter\u00bb onclick=\u00bbcustom_link\u00bb css=\u00bb\u00bb qode_css_animation=\u00bb\u00bb link=\u00bb\/es\/tienda-puntos-de-libro\/\u00bb][vc_empty_space][vc_column_text css=\u00bb\u00bb]<\/p>\n<h2>Puntos de libro<\/h2>\n<p>[\/vc_column_text][vc_empty_space][vc_column_text css=\u00bb\u00bb]Todos los <strong>puntos de libro<\/strong>\u00a0est\u00e1n\u00a0<strong>pintados a mano\u00a0<\/strong>con <strong>cuarela<\/strong>\u00a0y\u00a0<strong>tinta<\/strong>, a menudo combinados con\u00a0<strong>papeles<\/strong> especiales por cada motivo.[\/vc_column_text][vc_empty_space]<a  itemprop=\"url\" href=\"\/es\/tienda-puntos-de-libro\/\" target=\"_self\"  class=\"qbutton  default\" style=\"\">COMPRAR PUNTOS DE LIBRO<\/a>[vc_empty_space height=\u00bb50px\u00bb][\/vc_column][vc_column width=\u00bb1\/3&#8243;][vc_single_image image=\u00bb2439&#8243; img_size=\u00bbfull\u00bb alignment=\u00bbcenter\u00bb onclick=\u00bbcustom_link\u00bb css=\u00bb\u00bb qode_css_animation=\u00bb\u00bb link=\u00bb\/es\/tienda-abanicos\/\u00bb][vc_empty_space][vc_column_text css=\u00bb\u00bb]<\/p>\n<h2>Abanicos<\/h2>\n<p>[\/vc_column_text][vc_empty_space][vc_column_text css=\u00bb\u00bb]Todos los abanicos son de madera y tela y est\u00e1n pintados a mano con tintas y acuarelas, por tanto no deben mojarse, ya que se podr\u00edan deteriorar. Cada uno de ellos es \u00fanico y personal.[\/vc_column_text][vc_empty_space]<a  itemprop=\"url\" href=\"\/es\/tienda-abanicos\/\" target=\"_self\"  class=\"qbutton  default\" style=\"\">COMPRAR ABANICOS<\/a>[vc_empty_space height=\u00bb50px\u00bb][\/vc_column][vc_column width=\u00bb1\/3&#8243;][vc_single_image image=\u00bb1863&#8243; img_size=\u00bbfull\u00bb alignment=\u00bbcenter\u00bb onclick=\u00bbcustom_link\u00bb css=\u00bb\u00bb qode_css_animation=\u00bb\u00bb link=\u00bb\/es\/tienda-sumi-e-y-collage\/\u00bb][vc_empty_space][vc_column_text]<\/p>\n<h2>Sumi-e<\/h2>\n<p>[\/vc_column_text][vc_empty_space][vc_column_text css=\u00bb\u00bb]El t\u00e9rmino\u00a0<strong><em>sumi-e<\/em><\/strong>, es una\u00a0<strong>t\u00e9cnica\u00a0pict\u00f3rica\u00a0asi\u00e1tica\u00a0milenaria<\/strong> que significa, pintura a tinta. Hace muchos a\u00f1os que la practico, es una t\u00e9cnica que me apasiona y que no dejo de practicar y aprender.[\/vc_column_text][vc_empty_space]<a  itemprop=\"url\" href=\"\/es\/tienda-sumi-e-y-collage\/\" target=\"_self\"  class=\"qbutton  default\" style=\"\">COMPRAR SUMI-E<\/a>[vc_empty_space height=\u00bb50px\u00bb][\/vc_column][\/vc_row][vc_row css_animation=\u00bb\u00bb row_type=\u00bbrow\u00bb use_row_as_full_screen_section=\u00bbno\u00bb type=\u00bbfull_width\u00bb angled_section=\u00bbno\u00bb text_align=\u00bbleft\u00bb background_image_as_pattern=\u00bbwithout_pattern\u00bb z_index=\u00bb\u00bb][vc_column width=\u00bb1\/3&#8243;][\/vc_column][vc_column width=\u00bb1\/3&#8243;][vc_single_image image=\u00bb585&#8243; img_size=\u00bbfull\u00bb alignment=\u00bbcenter\u00bb onclick=\u00bbcustom_link\u00bb qode_css_animation=\u00bb\u00bb link=\u00bb\/botiga-seda\/\u00bb][vc_empty_space][vc_column_text]<\/p>\n<h2>Seda<\/h2>\n<p>[\/vc_column_text][vc_empty_space][vc_column_text css=\u00bb\u00bb]Los pa\u00f1uelos y fulares de seda, son todos pintados a mano con tintas textiles y diversas t\u00e9cnicas, esto hace que todos sean diferentes y personales. Hay que tener cuidado en su lavado.[\/vc_column_text][vc_empty_space]<a  itemprop=\"url\" href=\"\/botiga-seda\/\" target=\"_self\"  class=\"qbutton  default\" style=\"\">COMPRAR PA\u00d1UELOS O FULARDS<\/a>[vc_empty_space height=\u00bb50px\u00bb][\/vc_column][vc_column width=\u00bb1\/3&#8243;][\/vc_column][\/vc_row]<\/p>\n<\/div>","protected":false},"excerpt":{"rendered":"<p>[vc_row css_animation=\u00bb\u00bb row_type=\u00bbrow\u00bb use_row_as_full_screen_section=\u00bbno\u00bb type=\u00bbfull_width\u00bb angled_section=\u00bbno\u00bb text_align=\u00bbleft\u00bb background_image_as_pattern=\u00bbwithout_pattern\u00bb z_index=\u00bb\u00bb padding_bottom=\u00bb100&#8243;][vc_column width=\u00bb1\/2&#8243;][vc_column_text css=\u00bb\u00bb] La tienda de M\u00f2nica Roig Artesan\u00eda [\/vc_column_text][\/vc_column][vc_column width=\u00bb1\/2&#8243;][vc_column_text css=\u00bb\u00bb]Actualmente parece que se vuelve a valorar la compra de proximidad y las piezas artesanales. En mi tienda online puede encontrar mis creaciones hechas con&#8230;<\/p>\n","protected":false},"author":1,"featured_media":0,"parent":0,"menu_order":0,"comment_status":"closed","ping_status":"closed","template":"","meta":{"footnotes":""},"class_list":["post-3062","page","type-page","status-publish","hentry"],"_links":{"self":[{"href":"https:\/\/monicaroigart.com\/es\/wp-json\/wp\/v2\/pages\/3062","targetHints":{"allow":["GET"]}}],"collection":[{"href":"https:\/\/monicaroigart.com\/es\/wp-json\/wp\/v2\/pages"}],"about":[{"href":"https:\/\/monicaroigart.com\/es\/wp-json\/wp\/v2\/types\/page"}],"author":[{"embeddable":true,"href":"https:\/\/monicaroigart.com\/es\/wp-json\/wp\/v2\/users\/1"}],"replies":[{"embeddable":true,"href":"https:\/\/monicaroigart.com\/es\/wp-json\/wp\/v2\/comments?post=3062"}],"version-history":[{"count":11,"href":"https:\/\/monicaroigart.com\/es\/wp-json\/wp\/v2\/pages\/3062\/revisions"}],"predecessor-version":[{"id":4171,"href":"https:\/\/monicaroigart.com\/es\/wp-json\/wp\/v2\/pages\/3062\/revisions\/4171"}],"wp:attachment":[{"href":"https:\/\/monicaroigart.com\/es\/wp-json\/wp\/v2\/media?parent=3062"}],"curies":[{"name":"wp","href":"https:\/\/api.w.org\/{rel}","templated":true}]}}