{"id":3060,"date":"2024-08-22T15:27:02","date_gmt":"2024-08-22T13:27:02","guid":{"rendered":"https:\/\/monicaroigart.com\/?page_id=3060"},"modified":"2024-08-28T09:07:19","modified_gmt":"2024-08-28T07:07:19","slug":"acerca-de-mi","status":"publish","type":"page","link":"https:\/\/monicaroigart.com\/es\/acerca-de-mi\/","title":{"rendered":"Acerca de m\u00ed"},"content":{"rendered":"<div class=\"wpb-content-wrapper\"><p>[vc_row css_animation=\u00bb\u00bb row_type=\u00bbrow\u00bb use_row_as_full_screen_section=\u00bbno\u00bb type=\u00bbgrid\u00bb angled_section=\u00bbno\u00bb text_align=\u00bbleft\u00bb background_image_as_pattern=\u00bbwithout_pattern\u00bb padding_top=\u00bb103&#8243; padding_bottom=\u00bb20&#8243; z_index=\u00bb\u00bb][vc_column offset=\u00bbvc_col-md-6&#8243;][qode_elements_holder number_of_columns=\u00bbone_column\u00bb][qode_elements_holder_item advanced_animations=\u00bbno\u00bb item_padding=\u00bb0px 45px 30px 0px\u00bb][vc_column_text]<\/p>\n<h2>M\u00f2nica Roig<\/h2>\n<p>[\/vc_column_text][vc_empty_space height=\u00bb50px\u00bb][vc_column_text css=\u00bb\u00bb]Soy <strong>M\u00f2nica Roig<\/strong>, nacida en el barrio de <strong>Gracia <\/strong>de Barcelona, \u200b\u200bdesde siempre\u00a0la vocaci\u00f3n art\u00edstica\u00a0 y el gusto por la <strong>artesan\u00eda <\/strong>me han acompa\u00f1ado . Me gusta experimentar con todo tipo de materiales, carb\u00f3n, oleo, acr\u00edlico, pastel, <strong>acuarela.<\/strong><\/p>\n<p>&nbsp;<\/p>\n<p>Empec\u00e9 a adentrarme en el <strong>dibujo<\/strong> acad\u00e9mico y poco a poco creando mi estilo, m\u00e1s personal y colorista. Cuando descubr\u00ed la <strong>cer\u00e1mica<\/strong>, me cautiv\u00f3 su tacto, las variedades de <strong>arcillas<\/strong> que hay, los colores y la magia cuando sale del horno, sobre todo disfruto haciendo peque\u00f1as <strong>esculturas<\/strong> y <strong>joyas<\/strong> con <strong>cer\u00e1mica, <\/strong>todas ellas hechas y pintadas <strong>artesanalmente.<\/strong><\/p>\n<p>&nbsp;<\/p>\n<p>Admiro la est\u00e9tica <strong>japonesa<\/strong>, la delicadeza y simplicidad de las formas y la elegancia del sumi-e, t\u00e9cnica que me ayuda a relajarme, papel, tinta y concentraci\u00f3n. Tambi\u00e9n me gusta experimentar con diversas t\u00e9cnicas sobre pa\u00f1uelos de <strong>seda<\/strong> y <strong>abanicos<\/strong> de tela, <strong>pintados <\/strong>siempre <strong>a mano, <\/strong> esto hace que siempre sean \u00fanicas y personales.<\/p>\n<p>&nbsp;<\/p>\n<p>Soy una gran enamorada de los gatos y de la lectura, me gusta mucho hacer <strong>puntos de libro<\/strong>, pueden ser de estilos muy diferentes, ya que hay muchas corrientes art\u00edsticas que me gustan como el japonismo o el <strong>arte <\/strong>nouveau. Son <strong>artesanales,<\/strong> est\u00e1n pintados a mano con diferentes t\u00e9cnicas y tambi\u00e9n me gusta jugar con la combinaci\u00f3n de estas t\u00e9cnicas y <strong>papeles <\/strong>especiales que elijo por cada punto.<\/p>\n<p>&nbsp;<\/p>\n<p>Espero que le gusten mis <strong>creaciones<\/strong> tanto como yo disfruto haci\u00e9ndolas.[\/vc_column_text][vc_empty_space height=\u00bb36px\u00bb][vc_single_image image=\u00bb598&#8243; img_size=\u00bbfull\u00bb alignment=\u00bbright\u00bb qode_css_animation=\u00bb\u00bb][\/qode_elements_holder_item][\/qode_elements_holder][\/vc_column][vc_column offset=\u00bbvc_col-md-6&#8243;][vc_empty_space height=\u00bb10px\u00bb][vc_single_image image=\u00bb573&#8243; img_size=\u00bbfull\u00bb qode_css_animation=\u00bb\u00bb][\/vc_column][\/vc_row][vc_row css_animation=\u00bb\u00bb row_type=\u00bbrow\u00bb use_row_as_full_screen_section=\u00bbno\u00bb type=\u00bbfull_width\u00bb angled_section=\u00bbno\u00bb text_align=\u00bbleft\u00bb background_image_as_pattern=\u00bbwithout_pattern\u00bb z_index=\u00bb\u00bb][vc_column][vc_gallery type=\u00bbimage_grid\u00bb images=\u00bb577,579,581,583,585,587&#8243; img_size=\u00bbfull\u00bb column_number=\u00bb6&#8243; grayscale=\u00bbno\u00bb images_space=\u00bbgallery_with_space\u00bb][\/vc_column][\/vc_row]<\/p>\n<\/div>","protected":false},"excerpt":{"rendered":"<p>[vc_row css_animation=\u00bb\u00bb row_type=\u00bbrow\u00bb use_row_as_full_screen_section=\u00bbno\u00bb type=\u00bbgrid\u00bb angled_section=\u00bbno\u00bb text_align=\u00bbleft\u00bb background_image_as_pattern=\u00bbwithout_pattern\u00bb padding_top=\u00bb103&#8243; padding_bottom=\u00bb20&#8243; z_index=\u00bb\u00bb][vc_column offset=\u00bbvc_col-md-6&#8243;][qode_elements_holder number_of_columns=\u00bbone_column\u00bb][qode_elements_holder_item advanced_animations=\u00bbno\u00bb item_padding=\u00bb0px 45px 30px 0px\u00bb][vc_column_text] M\u00f2nica Roig [\/vc_column_text][vc_empty_space height=\u00bb50px\u00bb][vc_column_text css=\u00bb\u00bb]Soy M\u00f2nica Roig, nacida en el barrio de Gracia de Barcelona, \u200b\u200bdesde siempre\u00a0la vocaci\u00f3n art\u00edstica\u00a0 y el gusto por la artesan\u00eda me han&#8230;<\/p>\n","protected":false},"author":1,"featured_media":0,"parent":0,"menu_order":0,"comment_status":"closed","ping_status":"closed","template":"full_width.php","meta":{"footnotes":""},"class_list":["post-3060","page","type-page","status-publish","hentry"],"_links":{"self":[{"href":"https:\/\/monicaroigart.com\/es\/wp-json\/wp\/v2\/pages\/3060","targetHints":{"allow":["GET"]}}],"collection":[{"href":"https:\/\/monicaroigart.com\/es\/wp-json\/wp\/v2\/pages"}],"about":[{"href":"https:\/\/monicaroigart.com\/es\/wp-json\/wp\/v2\/types\/page"}],"author":[{"embeddable":true,"href":"https:\/\/monicaroigart.com\/es\/wp-json\/wp\/v2\/users\/1"}],"replies":[{"embeddable":true,"href":"https:\/\/monicaroigart.com\/es\/wp-json\/wp\/v2\/comments?post=3060"}],"version-history":[{"count":2,"href":"https:\/\/monicaroigart.com\/es\/wp-json\/wp\/v2\/pages\/3060\/revisions"}],"predecessor-version":[{"id":3342,"href":"https:\/\/monicaroigart.com\/es\/wp-json\/wp\/v2\/pages\/3060\/revisions\/3342"}],"wp:attachment":[{"href":"https:\/\/monicaroigart.com\/es\/wp-json\/wp\/v2\/media?parent=3060"}],"curies":[{"name":"wp","href":"https:\/\/api.w.org\/{rel}","templated":true}]}}